{"id":95,"date":"2022-01-27T10:58:29","date_gmt":"2022-01-27T10:58:29","guid":{"rendered":"http:\/\/cognito.mprinsdesign.nl\/?page_id=95"},"modified":"2024-02-01T12:07:57","modified_gmt":"2024-02-01T12:07:57","slug":"kompleks","status":"publish","type":"page","link":"https:\/\/higueronsouth.com\/pl\/kompleks\/","title":{"rendered":"Higueron po\u0142udnie"},"content":{"rendered":"<section class=\"wpb-content-wrapper\"><div  class=\"content_row row page-content vc_row wpb_row  default-style fullwidth\" >\n\t\n\t<div class=\"content_row_wrapper  default\" >\n\t<div id=\"asdasd\" class=\"vc_col-sm-12 wpb_column vc_column_container\" >\n\t<div class=\"vc_column-inner\">\n\t\t<div class=\"wpb_wrapper\" >\n\t\t\t<div class=\"rt_heading_wrapper no-style\">\n\t\t\t\t\t\t<h1 class=\"rt_heading  no-style\"  style=\"font-size:24px;margin-top:24px;margin-bottom:0px;\">Higueron South- <span class=\"after_h1\">szczyt luksusu i architektury<\/span><\/h1> \n\t\t\t\t\t<\/div><div class=\"vc_empty_space\"   style=\"height: 32px\"><span class=\"vc_empty_space_inner\"><\/span><\/div><div class=\"vc_separator wpb_content_element vc_separator_align_center vc_sep_width_100 vc_sep_style-4 vc_sep_pos_align_center vc_separator_no_text vc_sep_color_grey\" ><span class=\"vc_sep_holder vc_sep_holder_l\"><span class=\"vc_sep_line\"><\/span><\/span><span class=\"vc_sep_holder vc_sep_holder_r\"><span class=\"vc_sep_line\"><\/span><\/span>\n<\/div><div class=\"vc_empty_space\"   style=\"height: 32px\"><span class=\"vc_empty_space_inner\"><\/span><\/div>\n\t<div class=\"wpb_text_column wpb_content_element\" >\n\t\t<div class=\"wpb_wrapper\">\n\t\t\t<div class=\"\">\n<p><span style=\"font-weight: 400;\">Kupujesz nowe mieszkanie w idealnej lokalizacji w Fuengirola? Nowy projekt budowlany <em><strong>Higueron po\u0142udnie<\/strong><\/em> na zboczu g\u00f3ry Fuengirola oferuje wiele mo\u017cliwo\u015bci. Nowoczesne apartamenty i penthouse&#039;y po\u015br\u00f3d pi\u0119knych ogrod\u00f3w krajobrazowych. Ale jest wi\u0119cej, du\u017co wi\u0119cej. Najbli\u017csze otoczenie projektu oferuje naprawd\u0119 wszystko: od wellness, spa, si\u0142owni\u0119, tenisa sto\u0142owego, restauracje i kawiarnie na miejscu, concierge, opiek\u0119 nad dzie\u0107mi, wypo\u017cyczalni\u0119 rower\u00f3w elektrycznych i tak, nawet opiek\u0119 nad psem!\u00a0<\/span><\/p>\n<p><span style=\"font-weight: 400;\">Niewiele jest projekt\u00f3w, w kt\u00f3rych oferowane s\u0105 wszystkie te us\u0142ugi. Higueron South to nie tylko \u017cycie, ale kompletna koncepcja stylu \u017cycia.<\/span><\/p>\n<p><span style=\"font-weight: 400;\">Ponadto Higueron South oferuje do wyboru liczne apartamenty i penthouse&#039;y zbudowane wed\u0142ug najwy\u017cszych standard\u00f3w, idealne jako dom wakacyjny lub na sta\u0142e miejsce zamieszkania z du\u017c\u0105 ilo\u015bci\u0105 zieleni na zewn\u0105trz, luksusowym basenem. Apartamenty wyposa\u017cone s\u0105 w otwart\u0105 kuchni\u0119, zintegrowan\u0105 z salonem i po\u0142\u0105czon\u0105 z przestronnymi tarasami z pi\u0119knym widokiem na zagospodarowane ogrody, morze i g\u00f3ry. Pracujemy z wyko\u0144czeniem najwy\u017cszej jako\u015bci, a te energooszcz\u0119dne domy s\u0105 zar\u00f3wno nowoczesne, jak i eleganckie dzi\u0119ki swojej konstrukcji i intensywnie wykorzystuj\u0105 naturalne \u015bwiat\u0142o. Wszystkie nieruchomo\u015bci w Higueron maj\u0105 du\u017ce tarasy z otwartymi widokami i penthouse&#039;y z solariami z widokiem na ogrody, g\u00f3ry i morze. Wszystkie domy Higueron South s\u0105 wyposa\u017cone w gara\u017c i pomieszczenie gospodarcze.<\/span><\/p>\n<p><span style=\"font-weight: 400;\">Ten ekskluzywny projekt sk\u0142ada si\u0119 z 5 faz, kt\u00f3re s\u0105 przestronne z wieloma terenami zielonymi. Ka\u017cda faza ma w\u0142asn\u0105 przestrze\u0144 co-workingow\u0105, basen ze s\u0142on\u0105 wod\u0105 i si\u0142owni\u0119.\u00a0<\/span><\/p>\n<h2>Pod\u015bwietl Higueron South<\/h2>\n<ul>\n<li><span style=\"font-weight: 400;\">Do wyboru apartamenty z 2 i 3 sypialniami oraz penthouse&#039;y<\/span><\/li>\n<li><span style=\"font-weight: 400;\">300 000 m2 terenu, z czego +50 000 m2 ogr\u00f3d<\/span><\/li>\n<li><span style=\"font-weight: 400;\">Otwarta kuchnia i cz\u0119\u015b\u0107 dzienna<\/span><\/li>\n<li><span style=\"font-weight: 400;\">Panoramiczne widoki na morze i g\u00f3ry<\/span><\/li>\n<li><span style=\"font-weight: 400;\">Przestronne tarasy ze szklan\u0105 balustrad\u0105<\/span><\/li>\n<li><span style=\"font-weight: 400;\">\u0141adne wyko\u0144czenie<\/span><\/li>\n<li><span style=\"font-weight: 400;\">Wysokie okna zapewniaj\u0105 du\u017co \u015bwiat\u0142a<\/span><\/li>\n<li><span style=\"font-weight: 400;\">Ogrody komunalne<\/span><\/li>\n<li><span style=\"font-weight: 400;\">Du\u017cy basen<\/span><\/li>\n<li><span style=\"font-weight: 400;\">W niewielkiej odleg\u0142o\u015bci od klubu<\/span><\/li>\n<li><span style=\"font-weight: 400;\">Us\u0142ugi concierge, 9 restauracji na miejscu, spa, klub sportowy<\/span><\/li>\n<li><span style=\"font-weight: 400;\">Lokalizacja 20 minut od lotniska w Maladze<\/span><\/li>\n<\/ul>\n<p>&nbsp;<\/p>\n<\/div>\n<div id=\"360tour\"><\/div>\n<p>&nbsp;<\/p>\n<p>&nbsp;<\/p>\n<h2>360\u00b0 \u2013 Wirtualna wycieczka po Higuer\u00f3n Po\u0142udnie<\/h2>\n<ul>\n<li><a href=\"https:\/\/ajdestudio.com\/virtualtour\/southpenthouse\/\" target=\"_blank\" rel=\"noopener\"><strong>Wirtualna wycieczka po SKY PENTHOUSE &gt;&gt;&gt;\u00a0<\/strong><\/a><\/li>\n<li><a href=\"https:\/\/ajdestudio.com\/virtualtour\/southskyvilla\/\" target=\"_blank\" rel=\"noopener\"><strong>NIEBIESKIE WILLE &gt;&gt;&gt;<\/strong><\/a><\/li>\n<\/ul>\n<h2><\/h2>\n<p>&nbsp;<\/p>\n<div class=\"\">\n<h2>Ceny Higueron South<\/h2>\n<ul>\n<li style=\"font-weight: 400;\" aria-level=\"1\"><span style=\"font-weight: 400;\">The <\/span><b>2 sypialnie<\/b><span style=\"font-weight: 400;\">, apartamenty z 2 \u0142azienkami maj\u0105 powierzchni\u0119 85 m2 plus taras o powierzchni 44 m2. Ceny od <\/span><b>WYPRZEDANE<\/b><\/li>\n<li style=\"font-weight: 400;\" aria-level=\"1\"><span style=\"font-weight: 400;\">The<\/span><b> 3 sypialnie<\/b><span style=\"font-weight: 400;\">, apartamenty z 2 \u0142azienkami maj\u0105 powierzchni\u0119 116 m2 plus taras o powierzchni 30 m2. Ceny od <\/span><b>WYPRZEDANE<\/b><\/li>\n<li style=\"font-weight: 400;\" aria-level=\"1\">The <strong>3 sypialnie<\/strong>, 2 \u0142azienki <b>penthouse&#039;y<\/b> s\u0105 130 m2 zbudowany plus taras 50 m2. Ceny od <b>\u20ac 1.290.000<\/b><\/li>\n<\/ul>\n<p><span style=\"font-weight: 400;\">Ten ekskluzywny projekt sk\u0142ada si\u0119 z 5 faz, kt\u00f3re s\u0105 przestronne z wieloma terenami zielonymi. Ka\u017cda faza ma w\u0142asn\u0105 przestrze\u0144 co-workingow\u0105, basen ze s\u0142on\u0105 wod\u0105 i si\u0142owni\u0119.\u00a0<\/span><\/p>\n<p><span style=\"font-weight: 400;\">Aby dokona\u0107 rezerwacji, p\u0142acisz 10 000 euro, a umowa przedwst\u0119pna na 25% zostaje podpisana dopiero po uzyskaniu pozwolenia na budow\u0119 i gwarancji bankowej.\u00a0<\/span><\/p>\n<p><span style=\"font-weight: 400;\">Nast\u0119pnie w trakcie budowy oko\u0142o 18 miesi\u0119cy kolejne 15% i dopiero przy dostawie pozosta\u0142a kwota 60% ceny zakupu.<\/span><\/p>\n<p>Masz konkretne pytanie lub chcesz um\u00f3wi\u0107 si\u0119 na spotkanie? Zadzwo\u0144 do Rona de Vriesa pod numer +34 677 67 04 80<\/p>\n<p><strong>Ca\u0142kowita oferta Higueron<\/strong><\/p>\n<p>Czy chcesz zapozna\u0107 si\u0119 z pe\u0142n\u0105 ofert\u0105 Higuer\u00f3n? Nast\u0119pnie odwied\u017a <a href=\"https:\/\/higueron-estates.com\/\"><strong>Strona internetowa Higueron Estates &gt;<\/strong><\/a><\/p>\n<h4>Specyfikacje<\/h4>\n<p>FUNDAMENTY I KONSTRUKCJA<br \/>\n\u2013 Fundamenty p\u0142ytowe \u017celbetowe oraz konstrukcja \u017celbetowa w filarach i p\u0142ytach waflowych.<\/p>\n<p>DACHY<br \/>\n\u2013 Powierzchnie (dachy), po kt\u00f3rych nie mo\u017cna chodzi\u0107, wyka\u0144czamy \u017cwirem, a przestrzenie zewn\u0119trzne (np. tarasy) gresem porcelanowym.<br \/>\n\u2013 Izolacja i hydroizolacja zgodnie z przepisami.<\/p>\n<p>\u015aCIANY<br \/>\n\u2013 \u015aciany zewn\u0119trzne b\u0119d\u0105 sk\u0142ada\u0142y si\u0119 z muru dwu\u015bciennego z wysokiej jako\u015bci izolacj\u0105 termoakustyczn\u0105 od wewn\u0105trz i ok\u0142adzin\u0105 zewn\u0119trzn\u0105 z wodoodpornej zaprawy cementowej ze specjaln\u0105 warstw\u0105 farby na zewn\u0105trz i kolorem zgodnie z projektem.<\/p>\n<p>\u015aCIE\u017bKI<br \/>\n\u2013 Ceg\u0142a ceramiczna pusta podw\u00f3jna, po\u0142\u0105czona z zapraw\u0105 cementow\u0105.<br \/>\n\u2013 Wyko\u0144czone tynkiem i bia\u0142\u0105 matow\u0105 farb\u0105.<\/p>\n<p>WYKO\u0143CZ WED\u0141UG POKOJU<br \/>\nSypialnie:<br \/>\n\u2013 Pod\u0142ogi z kamionki porcelanowej i listwy przypod\u0142ogowe z tego samego materia\u0142u.<br \/>\n\u2013 \u015aciany i sufity oszlifowane i otynkowane bia\u0142\u0105 matow\u0105 farb\u0105 lateksow\u0105.<br \/>\n\u0141azienki:<br \/>\n\u2013 Pod\u0142ogi z p\u0142ytek kamionkowych<br \/>\n\u2013 \u015aciany wy\u0142o\u017cone p\u0142ytkami z gresu porcelanowego<br \/>\n\u2013 Sufity z g\u0142adkim tynkiem.<br \/>\n\u2013 Urz\u0105dzenia sanitarne Roca lub r\u00f3wnowa\u017cne, w tym wisz\u0105ce toalety.<br \/>\n\u2013 Brodzik z \u017cywicy.<br \/>\n\u2013 Chromowane krany.<br \/>\nPowierzchnie mieszkalne:<br \/>\n\u2013 Na pod\u0142odze p\u0142ytki z gresu porcelanowego i listwy przypod\u0142ogowe z gresu porcelanowego<br \/>\n\u2013 \u015aciany i sufity z g\u0142adzi\u0105 i tynkiem bia\u0142\u0105 matow\u0105 farb\u0105 lateksow\u0105<br \/>\nTarasy:<br \/>\n\u2013 Pod\u0142ogi z p\u0142ytkami gresowymi i listwami przypod\u0142ogowymi z gresu porcelanowego<\/p>\n<p>BOAZERIA<br \/>\n\u2013 stolarka zewn\u0119trzna b\u0119dzie sk\u0142ada\u0107 si\u0119 z profili aluminiowych z przerwaniem mostka termicznego z laminowanym szk\u0142em bezpiecznym i niskim wsp\u00f3\u0142czynnikiem emisyjno\u015bci cieplnej.<br \/>\n\u2013 stolarka wewn\u0119trzna wykonana z drewna lakierowanego na bia\u0142o, a drzwi wej\u015bciowe zabezpieczone.<br \/>\n\u2013 szafki wykonane s\u0105 z przesuwanymi drzwiami z drewna z uchwytem typu u\u00f1ero, a wn\u0119trza wyko\u0144czone tkanin\u0105 cancun.<\/p>\n<p>INSTALACJA ZIMNEJ I CIEP\u0141EJ WODY<br \/>\n\u2013 Instalacja ciep\u0142ej i zimnej wody zgodnie z obowi\u0105zuj\u0105cymi przepisami, z rurami najwy\u017cszej jako\u015bci z cz\u0119\u015bciowymi zaworami odcinaj\u0105cymi w ka\u017cdym pomieszczeniu mokrym i indywidualnie dla ka\u017cdego urz\u0105dzenia.<br \/>\n\u2013 system aerotermalny do produkcji ciep\u0142ej wody u\u017cytkowej.<\/p>\n<p>INSTALACJA ELEKTRYCZNA I O\u015aWIETLENIOWA.<br \/>\n\u2013 Zainstalowano wysokiej jako\u015bci elektryfikacj\u0119 i o\u015bwietlenie wraz z zabudow\u0105.<br \/>\n\u2013 O\u015bwietlenie LED w \u0142azienkach, korytarzach i kuchni.<br \/>\n\u2013 Mechanizmy Schneider (lub podobne)<\/p>\n<p>KLIMATYZACJA<br \/>\n\u2013 wysokiej jako\u015bci uk\u0142ad klimatyzacji<\/p>\n<p>INSTALACJE TELEKOMUNIKACYJNE.<br \/>\n\u2013 instalacja teletechniczna zgodna z obowi\u0105zuj\u0105cymi przepisami, w tym kolorowy domofon oraz przy\u0142\u0105cza TV i internetu w salonie i g\u0142\u00f3wnej sypialni.<\/p>\n<p>&nbsp;<\/p>\n<\/div>\n\n\t\t<\/div>\n\t<\/div>\n\n\t\t<\/div>\n\t<\/div>\n\t<\/div>\n\n<\/div>\n<\/div>\n\n<div  class=\"content_row row page-content vc_row wpb_row  default-style fullwidth\" style=\"background-color: #bbac8c;\">\n\t\n\t<div class=\"content_row_wrapper  default\" >\n\t<div id=\"asdasd\" class=\"vc_col-sm-12 wpb_column vc_column_container\" >\n\t<div class=\"vc_column-inner\">\n\t\t<div class=\"wpb_wrapper\" >\n\t\t\t<div class=\"rt_heading_wrapper no-style\">\n\t\t\t\t\t\t<h1 class=\"rt_heading  no-style\"  style=\"font-size:24px;margin-top:24px;margin-bottom:0px;\">Cechy - <span class=\"after_h1 white\">Wille Campanario<\/span><\/h1> \n\t\t\t\t\t<\/div><div class=\"vc_empty_space\"   style=\"height: 32px\"><span class=\"vc_empty_space_inner\"><\/span><\/div><div class=\"vc_separator wpb_content_element vc_separator_align_center vc_sep_width_100 vc_sep_style-4 vc_sep_pos_align_center vc_separator_no_text vc_sep_color_grey\" ><span class=\"vc_sep_holder vc_sep_holder_l\"><span class=\"vc_sep_line\"><\/span><\/span><span class=\"vc_sep_holder vc_sep_holder_r\"><span class=\"vc_sep_line\"><\/span><\/span>\n<\/div>\n\t<div class=\"wpb_text_column wpb_content_element\" >\n\t\t<div class=\"wpb_wrapper\">\n\t\t\t\t \n\t\t<div  class=\"bullet-list style-1  check\">\n\t\t<ul>\n<li>najlepsze w luksusie i architekturze<\/li>\n<li>widok na morze i odleg\u0142o\u015b\u0107 do pla\u017cy<\/li>\n<li>doko\u0144czy\u0107 do smaku<\/li>\n<li>bezkonkurencyjne udogodnienia<\/li>\n<li>ka\u017cdy dom 2 miejsca parkingowe<\/li>\n<li>ceny od 455 000 \u20ac<\/li>\n<\/ul>\n\n\t\t<\/div>\n\t\n\n\t\t<\/div>\n\t<\/div>\n\n\t\t<\/div>\n\t<\/div>\n\t<\/div>\n\n<\/div>\n<\/div>\n\n<div  class=\"content_row row quote-row vc_row wpb_row  default-style fullwidth\" style=\"background-color: #fcfcfc;\">\n\t\n\t<div class=\"content_row_wrapper  fullwidth\" >\n\t<div id=\"asdasd\" class=\"vc_col-sm-12 wpb_column vc_column_container vc_custom_1644925648982\" >\n\t<div class=\"vc_column-inner\">\n\t\t<div class=\"wpb_wrapper\" >\n\t\t\t<div class=\"rt_heading_wrapper style-3\">\n\t\t\t\t\t\t<h4 class=\"rt_heading serif quote-max-width style-3\" >Pakiet informacyjny Med Hills <a href=\"https:\/\/new.minisites.casadelmar.nl\/meer-informatie\/\"> Popro\u015b o broszur\u0119 i aktualny cennik <\/a><\/h4> \n\t\t\t\t\t<\/div>\n\t\t<\/div>\n\t<\/div>\n\t<\/div>\n\n<\/div>\n<\/div>\n\n<div  class=\"content_row row vc_row wpb_row  default-style fullwidth\" >\n\t\n\t<div class=\"content_row_wrapper  default\" >\n\t<div id=\"asdasd\" class=\"vc_col-sm-12 wpb_column vc_column_container\" >\n\t<div class=\"vc_column-inner\">\n\t\t<div class=\"wpb_wrapper\" >\n\t\t\t<div class=\"button_wrapper aligncenter\"><a  href=\"\/pl\/wiecej-informacji\/\" target=\"_self\" title=\"&gt; wi\u0119cej informacji\" class=\"button_  style-2 small\">&gt; wi\u0119cej informacji<\/a><\/div>\n\t<div class=\"wpb_video_widget wpb_content_element vc_clearfix   vc_video-aspect-ratio-235 vc_video-el-width-100 vc_video-align-center\" >\n\t\t<div class=\"wpb_wrapper\">\n\t\t\t\n\t\t\t<div class=\"wpb_video_wrapper\"><div class=\"video-container\"><iframe title=\"Wille Campanario - Estepona \/ Marbella - od 990 000 \u20ac\" width=\"1060\" height=\"596\" src=\"https:\/\/www.youtube.com\/embed\/dtm6JU8cliQ?feature=oembed\" frameborder=\"0\" allow=\"accelerometer; autoplay; clipboard-write; encrypted-media; gyroscope; picture-in-picture; web-share\" referrerpolicy=\"strict-origin-when-cross-origin\" allowfullscreen><\/iframe><\/div><\/div>\n\t\t<\/div>\n\t<\/div>\n\n\t\t<\/div>\n\t<\/div>\n\t<\/div>\n\n<\/div>\n<\/div>\n<\/section>","protected":false},"excerpt":{"rendered":"<p>\u2026 <a class=\"more-link\" href=\"https:\/\/higueronsouth.com\/pl\/kompleks\/\">Kontynuuj czytanie<\/a><\/p>","protected":false},"author":1,"featured_media":4174,"parent":0,"menu_order":3,"comment_status":"closed","ping_status":"closed","template":"","meta":{"footnotes":""},"class_list":["post-95","page","type-page","status-publish","has-post-thumbnail","hentry"],"yoast_head":"<!-- This site is optimized with the Yoast SEO plugin v26.0 - https:\/\/yoast.com\/wordpress\/plugins\/seo\/ -->\n<title>Higuer\u00f3n South - Higuer\u00f3n South<\/title>\n<meta name=\"robots\" content=\"index, follow, max-snippet:-1, max-image-preview:large, max-video-preview:-1\" \/>\n<link rel=\"canonical\" href=\"https:\/\/higueronsouth.com\/pl\/kompleks\/\" \/>\n<meta property=\"og:locale\" content=\"pl_PL\" \/>\n<meta property=\"og:type\" content=\"article\" \/>\n<meta property=\"og:title\" content=\"Higuer\u00f3n South - Higuer\u00f3n South\" \/>\n<meta property=\"og:url\" content=\"https:\/\/higueronsouth.com\/pl\/kompleks\/\" \/>\n<meta property=\"og:site_name\" content=\"Higuer\u00f3n South\" \/>\n<meta property=\"article:modified_time\" content=\"2024-02-01T12:07:57+00:00\" \/>\n<meta property=\"og:image\" content=\"https:\/\/higueronsouth.com\/wp-content\/uploads\/sites\/14\/2022\/10\/Higueron-South_front.jpg\" \/>\n\t<meta property=\"og:image:width\" content=\"1379\" \/>\n\t<meta property=\"og:image:height\" content=\"597\" \/>\n\t<meta property=\"og:image:type\" content=\"image\/jpeg\" \/>\n<meta name=\"twitter:card\" content=\"summary_large_image\" \/>\n<meta name=\"twitter:label1\" content=\"Szacowany czas czytania\" \/>\n\t<meta name=\"twitter:data1\" content=\"6 minut\" \/>\n<script type=\"application\/ld+json\" class=\"yoast-schema-graph\">{\"@context\":\"https:\/\/schema.org\",\"@graph\":[{\"@type\":\"WebPage\",\"@id\":\"https:\/\/higueronsouth.com\/het-complex\/\",\"url\":\"https:\/\/higueronsouth.com\/het-complex\/\",\"name\":\"Higuer\u00f3n South - Higuer\u00f3n South\",\"isPartOf\":{\"@id\":\"https:\/\/higueronsouth.com\/#website\"},\"primaryImageOfPage\":{\"@id\":\"https:\/\/higueronsouth.com\/het-complex\/#primaryimage\"},\"image\":{\"@id\":\"https:\/\/higueronsouth.com\/het-complex\/#primaryimage\"},\"thumbnailUrl\":\"https:\/\/higueronsouth.com\/wp-content\/uploads\/sites\/14\/2022\/10\/Higueron-South_front.jpg\",\"datePublished\":\"2022-01-27T10:58:29+00:00\",\"dateModified\":\"2024-02-01T12:07:57+00:00\",\"breadcrumb\":{\"@id\":\"https:\/\/higueronsouth.com\/het-complex\/#breadcrumb\"},\"inLanguage\":\"pl-PL\",\"potentialAction\":[{\"@type\":\"ReadAction\",\"target\":[\"https:\/\/higueronsouth.com\/het-complex\/\"]}]},{\"@type\":\"ImageObject\",\"inLanguage\":\"pl-PL\",\"@id\":\"https:\/\/higueronsouth.com\/het-complex\/#primaryimage\",\"url\":\"https:\/\/higueronsouth.com\/wp-content\/uploads\/sites\/14\/2022\/10\/Higueron-South_front.jpg\",\"contentUrl\":\"https:\/\/higueronsouth.com\/wp-content\/uploads\/sites\/14\/2022\/10\/Higueron-South_front.jpg\",\"width\":1379,\"height\":597},{\"@type\":\"BreadcrumbList\",\"@id\":\"https:\/\/higueronsouth.com\/het-complex\/#breadcrumb\",\"itemListElement\":[{\"@type\":\"ListItem\",\"position\":1,\"name\":\"Home\",\"item\":\"https:\/\/higueronsouth.com\/\"},{\"@type\":\"ListItem\",\"position\":2,\"name\":\"Higuer\u00f3n South\"}]},{\"@type\":\"WebSite\",\"@id\":\"https:\/\/higueronsouth.com\/#website\",\"url\":\"https:\/\/higueronsouth.com\/\",\"name\":\"Higuer\u00f3n South\",\"description\":\"\",\"potentialAction\":[{\"@type\":\"SearchAction\",\"target\":{\"@type\":\"EntryPoint\",\"urlTemplate\":\"https:\/\/higueronsouth.com\/?s={search_term_string}\"},\"query-input\":{\"@type\":\"PropertyValueSpecification\",\"valueRequired\":true,\"valueName\":\"search_term_string\"}}],\"inLanguage\":\"pl-PL\"}]}<\/script>\n<!-- \/ Yoast SEO plugin. -->","yoast_head_json":{"title":"Higueron Po\u0142udnie - Higueron Po\u0142udnie","robots":{"index":"index","follow":"follow","max-snippet":"max-snippet:-1","max-image-preview":"max-image-preview:large","max-video-preview":"max-video-preview:-1"},"canonical":"https:\/\/higueronsouth.com\/pl\/kompleks\/","og_locale":"pl_PL","og_type":"article","og_title":"Higuer\u00f3n South - Higuer\u00f3n South","og_url":"https:\/\/higueronsouth.com\/pl\/kompleks\/","og_site_name":"Higuer\u00f3n South","article_modified_time":"2024-02-01T12:07:57+00:00","og_image":[{"width":1379,"height":597,"url":"https:\/\/higueronsouth.com\/wp-content\/uploads\/sites\/14\/2022\/10\/Higueron-South_front.jpg","type":"image\/jpeg"}],"twitter_card":"summary_large_image","twitter_misc":{"Szacowany czas czytania":"6 minut"},"schema":{"@context":"https:\/\/schema.org","@graph":[{"@type":"WebPage","@id":"https:\/\/higueronsouth.com\/het-complex\/","url":"https:\/\/higueronsouth.com\/het-complex\/","name":"Higueron Po\u0142udnie - Higueron Po\u0142udnie","isPartOf":{"@id":"https:\/\/higueronsouth.com\/#website"},"primaryImageOfPage":{"@id":"https:\/\/higueronsouth.com\/het-complex\/#primaryimage"},"image":{"@id":"https:\/\/higueronsouth.com\/het-complex\/#primaryimage"},"thumbnailUrl":"https:\/\/higueronsouth.com\/wp-content\/uploads\/sites\/14\/2022\/10\/Higueron-South_front.jpg","datePublished":"2022-01-27T10:58:29+00:00","dateModified":"2024-02-01T12:07:57+00:00","breadcrumb":{"@id":"https:\/\/higueronsouth.com\/het-complex\/#breadcrumb"},"inLanguage":"pl-PL","potentialAction":[{"@type":"ReadAction","target":["https:\/\/higueronsouth.com\/het-complex\/"]}]},{"@type":"ImageObject","inLanguage":"pl-PL","@id":"https:\/\/higueronsouth.com\/het-complex\/#primaryimage","url":"https:\/\/higueronsouth.com\/wp-content\/uploads\/sites\/14\/2022\/10\/Higueron-South_front.jpg","contentUrl":"https:\/\/higueronsouth.com\/wp-content\/uploads\/sites\/14\/2022\/10\/Higueron-South_front.jpg","width":1379,"height":597},{"@type":"BreadcrumbList","@id":"https:\/\/higueronsouth.com\/het-complex\/#breadcrumb","itemListElement":[{"@type":"ListItem","position":1,"name":"Home","item":"https:\/\/higueronsouth.com\/"},{"@type":"ListItem","position":2,"name":"Higuer\u00f3n South"}]},{"@type":"WebSite","@id":"https:\/\/higueronsouth.com\/#website","url":"https:\/\/higueronsouth.com\/","name":"Higueron po\u0142udnie","description":"","potentialAction":[{"@type":"SearchAction","target":{"@type":"EntryPoint","urlTemplate":"https:\/\/higueronsouth.com\/?s={search_term_string}"},"query-input":{"@type":"PropertyValueSpecification","valueRequired":true,"valueName":"search_term_string"}}],"inLanguage":"pl-PL"}]}},"_links":{"self":[{"href":"https:\/\/higueronsouth.com\/pl\/wp-json\/wp\/v2\/pages\/95","targetHints":{"allow":["GET"]}}],"collection":[{"href":"https:\/\/higueronsouth.com\/pl\/wp-json\/wp\/v2\/pages"}],"about":[{"href":"https:\/\/higueronsouth.com\/pl\/wp-json\/wp\/v2\/types\/page"}],"author":[{"embeddable":true,"href":"https:\/\/higueronsouth.com\/pl\/wp-json\/wp\/v2\/users\/1"}],"replies":[{"embeddable":true,"href":"https:\/\/higueronsouth.com\/pl\/wp-json\/wp\/v2\/comments?post=95"}],"version-history":[{"count":52,"href":"https:\/\/higueronsouth.com\/pl\/wp-json\/wp\/v2\/pages\/95\/revisions"}],"predecessor-version":[{"id":4270,"href":"https:\/\/higueronsouth.com\/pl\/wp-json\/wp\/v2\/pages\/95\/revisions\/4270"}],"wp:featuredmedia":[{"embeddable":true,"href":"https:\/\/higueronsouth.com\/pl\/wp-json\/wp\/v2\/media\/4174"}],"wp:attachment":[{"href":"https:\/\/higueronsouth.com\/pl\/wp-json\/wp\/v2\/media?parent=95"}],"curies":[{"name":"wp","href":"https:\/\/api.w.org\/{rel}","templated":true}]}}