{"id":95,"date":"2022-01-27T10:58:29","date_gmt":"2022-01-27T10:58:29","guid":{"rendered":"http:\/\/cognito.mprinsdesign.nl\/?page_id=95"},"modified":"2024-02-01T12:07:57","modified_gmt":"2024-02-01T12:07:57","slug":"il-complesso","status":"publish","type":"page","link":"https:\/\/higueronsouth.com\/it\/il-complesso\/","title":{"rendered":"Higueron Sud"},"content":{"rendered":"<section class=\"wpb-content-wrapper\"><div  class=\"content_row row page-content vc_row wpb_row  default-style fullwidth\" >\n\t\n\t<div class=\"content_row_wrapper  default\" >\n\t<div id=\"asdasd\" class=\"vc_col-sm-12 wpb_column vc_column_container\" >\n\t<div class=\"vc_column-inner\">\n\t\t<div class=\"wpb_wrapper\" >\n\t\t\t<div class=\"rt_heading_wrapper no-style\">\n\t\t\t\t\t\t<h1 class=\"rt_heading  no-style\"  style=\"font-size:24px;margin-top:24px;margin-bottom:0px;\">Higueron Sud- <span class=\"after_h1\">l&#039;apice del lusso e dell&#039;architettura<\/span><\/h1> \n\t\t\t\t\t<\/div><div class=\"vc_empty_space\"   style=\"height: 32px\"><span class=\"vc_empty_space_inner\"><\/span><\/div><div class=\"vc_separator wpb_content_element vc_separator_align_center vc_sep_width_100 vc_sep_style-4 vc_sep_pos_align_center vc_separator_no_text vc_sep_color_grey\" ><span class=\"vc_sep_holder vc_sep_holder_l\"><span class=\"vc_sep_line\"><\/span><\/span><span class=\"vc_sep_holder vc_sep_holder_r\"><span class=\"vc_sep_line\"><\/span><\/span>\n<\/div><div class=\"vc_empty_space\"   style=\"height: 32px\"><span class=\"vc_empty_space_inner\"><\/span><\/div>\n\t<div class=\"wpb_text_column wpb_content_element\" >\n\t\t<div class=\"wpb_wrapper\">\n\t\t\t<div class=\"\">\n<p><span style=\"font-weight: 400;\">Acquistare un nuovo appartamento in una posizione ideale a Fuengirola? Il nuovo progetto edilizio <em><strong>Higueron Sud<\/strong><\/em> sul fianco della montagna di Fuengirola offre molte possibilit\u00e0. Moderni appartamenti e attici nel mezzo di splendidi giardini paesaggistici. Ma c&#039;\u00e8 di pi\u00f9, molto di pi\u00f9. Gli immediati dintorni del progetto offrono davvero di tutto: dal benessere, spa, palestra, padel tennis, ristoranti e caff\u00e8 in loco, portineria, baby sitter, noleggio di biciclette elettriche e s\u00ec, anche dog sitter!\u00a0<\/span><\/p>\n<p><span style=\"font-weight: 400;\">Sono pochi i progetti in cui vengono offerti tutti questi servizi. Higueron South non \u00e8 solo vivere, ma un concetto di stile di vita completo.<\/span><\/p>\n<p><span style=\"font-weight: 400;\">Inoltre, Higueron South offre una scelta di numerosi appartamenti e attici costruiti secondo i pi\u00f9 alti standard, perfetti come casa per le vacanze o residenza permanente con molti spazi verdi all&#039;aperto, lussuosa piscina. Gli appartamenti sono dotati di una cucina aperta, integrata nel soggiorno e collegata ad ampie terrazze con una splendida vista sui giardini paesaggistici, sul mare e sulle montagne. Lavoriamo con finiture di alta qualit\u00e0 e queste case ad alta efficienza energetica sono moderne ed eleganti grazie al loro design e fanno ampio uso della luce naturale. Le propriet\u00e0 a Higueron dispongono tutte di ampie terrazze con vista aperta e attici con solarium con vista sui giardini, sulle montagne e sul mare. Tutte le case di Higueron South sono dotate di garage e ripostiglio.<\/span><\/p>\n<p><span style=\"font-weight: 400;\">Questo progetto esclusivo \u00e8 composto da 5 fasi spaziose con molte aree verdi. Ogni fase ha il proprio spazio di co-working, piscina di acqua salata e palestra.\u00a0<\/span><\/p>\n<h2>Evidenzia Higueron sud<\/h2>\n<ul>\n<li><span style=\"font-weight: 400;\">Scelta di appartamenti con 2 e 3 camere da letto e attici<\/span><\/li>\n<li><span style=\"font-weight: 400;\">Terreno di 300.000 mq di cui +50.000 mq di giardino<\/span><\/li>\n<li><span style=\"font-weight: 400;\">Cucina open space e spazio abitativo<\/span><\/li>\n<li><span style=\"font-weight: 400;\">Vista panoramica sul mare e sulle montagne<\/span><\/li>\n<li><span style=\"font-weight: 400;\">Ampi terrazzi con balaustra in vetro<\/span><\/li>\n<li><span style=\"font-weight: 400;\">Bella finitura<\/span><\/li>\n<li><span style=\"font-weight: 400;\">Finestre alte per molta luce<\/span><\/li>\n<li><span style=\"font-weight: 400;\">Giardini comunali<\/span><\/li>\n<li><span style=\"font-weight: 400;\">Grande piscina<\/span><\/li>\n<li><span style=\"font-weight: 400;\">A pochi passi dalla club house<\/span><\/li>\n<li><span style=\"font-weight: 400;\">Servizio di portineria, 9 ristoranti in loco, spa, club sportivo<\/span><\/li>\n<li><span style=\"font-weight: 400;\">Posizione A 20 minuti dall&#039;aeroporto di Malaga<\/span><\/li>\n<\/ul>\n<p>&nbsp;<\/p>\n<\/div>\n<div id=\"360tour\"><\/div>\n<p>&nbsp;<\/p>\n<p>&nbsp;<\/p>\n<h2>360\u00b0 \u2013 Tour virtuale Higuer\u00f3n Sud<\/h2>\n<ul>\n<li><a href=\"https:\/\/ajdestudio.com\/virtualtour\/southpenthouse\/\" target=\"_blank\" rel=\"noopener\"><strong>Tour Virtuale ATTICI SKY &gt;&gt;&gt;\u00a0<\/strong><\/a><\/li>\n<li><a href=\"https:\/\/ajdestudio.com\/virtualtour\/southskyvilla\/\" target=\"_blank\" rel=\"noopener\"><strong>VILLE IN CIELO &gt;&gt;&gt;<\/strong><\/a><\/li>\n<\/ul>\n<h2><\/h2>\n<p>&nbsp;<\/p>\n<div class=\"\">\n<h2>Prezzi Higueron Sud<\/h2>\n<ul>\n<li style=\"font-weight: 400;\" aria-level=\"1\"><span style=\"font-weight: 400;\">IL <\/span><b>2 camere da letto<\/b><span style=\"font-weight: 400;\">, 2 appartamenti con bagno sono costruiti 85 m2 pi\u00f9 una terrazza di 44 m2. Prezzi a partire da <\/span><b>ESAURITO<\/b><\/li>\n<li style=\"font-weight: 400;\" aria-level=\"1\"><span style=\"font-weight: 400;\">IL<\/span><b> 3 camere da letto<\/b><span style=\"font-weight: 400;\">, 2 appartamenti con bagno sono costruiti 116 m2 pi\u00f9 una terrazza di 30 m2. Prezzi a partire da <\/span><b>ESAURITO<\/b><\/li>\n<li style=\"font-weight: 400;\" aria-level=\"1\">IL <strong>3 camere da letto<\/strong>, 2 bagni <b>attici<\/b> sono 130 m2 costruiti pi\u00f9 una terrazza di 50 m2. Prezzi a partire da <b>\u20ac 1.290.000<\/b><\/li>\n<\/ul>\n<p><span style=\"font-weight: 400;\">Questo progetto esclusivo \u00e8 composto da 5 fasi spaziose con molte aree verdi. Ogni fase ha il proprio spazio di co-working, piscina di acqua salata e palestra.\u00a0<\/span><\/p>\n<p><span style=\"font-weight: 400;\">Per prenotare si pagano 10.000 euro e il precontratto di 25% viene firmato solo quando si \u00e8 ottenuta la concessione edilizia e la fidejussione bancaria.\u00a0<\/span><\/p>\n<p><span style=\"font-weight: 400;\">Poi durante la costruzione di circa 18 mesi un altro 15% e solo alla consegna l&#039;importo residuo di 60% del prezzo di acquisto.<\/span><\/p>\n<p>Hai una domanda specifica o desideri fissare un appuntamento? Chiama Ron de Vries al +34 677 67 04 80<\/p>\n<p><strong>Offerta Higueron totale<\/strong><\/p>\n<p>Desideri una panoramica dell&#039;offerta totale di Higuer\u00f3n? Allora visita il <a href=\"https:\/\/higueron-estates.com\/\"><strong>Sito web di Higueron Estates &gt;<\/strong><\/a><\/p>\n<h4>Specifiche<\/h4>\n<p>FONDAZIONI E STRUTTURA<br \/>\n\u2013 Fondazioni in soletta in cemento armato e struttura in cemento armato in pile e solette in wafer.<\/p>\n<p>TETTI<br \/>\n\u2013 Le superfici (tetti) non calpestabili sono rifinite con ghiaia e gli spazi esterni (come i terrazzi) sono rifiniti con piastrelle in gres porcellanato.<br \/>\n\u2013 Isolamento e impermeabilizzazione a norma.<\/p>\n<p>MURI<br \/>\n\u2013 Le pareti esterne saranno realizzate in muratura a doppia parete con isolamento termoacustico interno di alta qualit\u00e0 e rivestimento esterno in malta cementizia idrorepellente con verniciatura speciale per l&#039;esterno e colore secondo progetto.<\/p>\n<p>PERCORSI<br \/>\n\u2013 Doppio mattone forato in ceramica, ricevuto con malta cementizia.<br \/>\n\u2013 Rifinito con intonaco e vernice bianca opaca.<\/p>\n<p>FINITURA PER CAMERA<br \/>\nCamere da letto:<br \/>\n\u2013 Pavimenti in gres porcellanato e battiscopa dello stesso materiale.<br \/>\n\u2013 Pareti e soffitti rifiniti e intonacati con vernice al lattice bianco opaco.<br \/>\nBagni:<br \/>\n\u2013 Pavimenti con piastrelle in gres porcellanato<br \/>\n\u2013 Pareti rivestite con piastrelle in gres porcellanato<br \/>\n\u2013 Soffitti con intonaco liscio.<br \/>\n\u2013 Servizi igienici Roca o equivalenti, compresi i servizi igienici sospesi.<br \/>\n\u2013 Piatto doccia in resina.<br \/>\n\u2013 Rubinetteria cromata.<br \/>\nAree abitative:<br \/>\n\u2013 Pavimentazione con piastrelle in gres porcellanato e battiscopa in gres porcellanato<br \/>\n\u2013 Pareti e soffitti con rifiniture e intonacatura con vernice al lattice bianco opaco<br \/>\nTerrazze:<br \/>\n\u2013 Pavimenti con piastrelle in gres porcellanato e battiscopa in gres porcellanato<\/p>\n<p>PANNELLATURA<br \/>\n\u2013 la carpenteria esterna sar\u00e0 costituita da profili in alluminio con interruzione del ponte termico con vetro stratificato di sicurezza e bassa emissivit\u00e0 termica.<br \/>\n\u2013 la falegnameria interna \u00e8 in legno laccato bianco e la porta di accesso \u00e8 protetta.<br \/>\n\u2013 gli armadi sono realizzati con ante scorrevoli in legno con maniglia tipo u\u00f1ero e gli interni sono rifiniti con tessuto cancun.<\/p>\n<p>INSTALLAZIONE DI ACQUA FREDDA E CALDA<br \/>\n\u2013 Installazione di acqua calda e fredda secondo le normative vigenti, con tubazioni della migliore qualit\u00e0 con valvole di intercettazione parziali in ogni ambiente umido e individualizzate per apparecchio.<br \/>\n\u2013 sistema aerotermico per la produzione di acqua calda.<\/p>\n<p>INSTALLAZIONE DI ELETTRICIT\u00c0 E ILLUMINAZIONE.<br \/>\n\u2013 L&#039;elettrificazione e l&#039;illuminazione di alta qualit\u00e0 sono installate con built-in.<br \/>\n\u2013 Illuminazione a LED nei bagni, corridoi e cucina.<br \/>\n\u2013 Meccanismi Schneider (o simili)<\/p>\n<p>ARIA CONDIZIONATA<br \/>\n\u2013 sistema di aria condizionata di alta qualit\u00e0<\/p>\n<p>INSTALLAZIONE TELECOMUNICAZIONI.<br \/>\n\u2013 impianto di telecomunicazione secondo le normative vigenti, compresi citofono a colori e TV e connessioni internet nel soggiorno e nella camera matrimoniale.<\/p>\n<p>&nbsp;<\/p>\n<\/div>\n\n\t\t<\/div>\n\t<\/div>\n\n\t\t<\/div>\n\t<\/div>\n\t<\/div>\n\n<\/div>\n<\/div>\n\n<div  class=\"content_row row page-content vc_row wpb_row  default-style fullwidth\" style=\"background-color: #bbac8c;\">\n\t\n\t<div class=\"content_row_wrapper  default\" >\n\t<div id=\"asdasd\" class=\"vc_col-sm-12 wpb_column vc_column_container\" >\n\t<div class=\"vc_column-inner\">\n\t\t<div class=\"wpb_wrapper\" >\n\t\t\t<div class=\"rt_heading_wrapper no-style\">\n\t\t\t\t\t\t<h1 class=\"rt_heading  no-style\"  style=\"font-size:24px;margin-top:24px;margin-bottom:0px;\">Caratteristiche - <span class=\"after_h1 white\">Ville Campanarie<\/span><\/h1> \n\t\t\t\t\t<\/div><div class=\"vc_empty_space\"   style=\"height: 32px\"><span class=\"vc_empty_space_inner\"><\/span><\/div><div class=\"vc_separator wpb_content_element vc_separator_align_center vc_sep_width_100 vc_sep_style-4 vc_sep_pos_align_center vc_separator_no_text vc_sep_color_grey\" ><span class=\"vc_sep_holder vc_sep_holder_l\"><span class=\"vc_sep_line\"><\/span><\/span><span class=\"vc_sep_holder vc_sep_holder_r\"><span class=\"vc_sep_line\"><\/span><\/span>\n<\/div>\n\t<div class=\"wpb_text_column wpb_content_element\" >\n\t\t<div class=\"wpb_wrapper\">\n\t\t\t\t \n\t\t<div  class=\"bullet-list style-1  check\">\n\t\t<ul>\n<li>il meglio del lusso e dell&#039;architettura<\/li>\n<li>vista mare ea pochi passi dalla spiaggia<\/li>\n<li>finire a piacere<\/li>\n<li>servizi imbattibili<\/li>\n<li>ogni casa 2 posti auto<\/li>\n<li>prezzi da \u20ac 455.000<\/li>\n<\/ul>\n\n\t\t<\/div>\n\t\n\n\t\t<\/div>\n\t<\/div>\n\n\t\t<\/div>\n\t<\/div>\n\t<\/div>\n\n<\/div>\n<\/div>\n\n<div  class=\"content_row row quote-row vc_row wpb_row  default-style fullwidth\" style=\"background-color: #fcfcfc;\">\n\t\n\t<div class=\"content_row_wrapper  fullwidth\" >\n\t<div id=\"asdasd\" class=\"vc_col-sm-12 wpb_column vc_column_container vc_custom_1644925648982\" >\n\t<div class=\"vc_column-inner\">\n\t\t<div class=\"wpb_wrapper\" >\n\t\t\t<div class=\"rt_heading_wrapper style-3\">\n\t\t\t\t\t\t<h4 class=\"rt_heading serif quote-max-width style-3\" >Pacchetto informativo Med Hills <a href=\"https:\/\/new.minisites.casadelmar.nl\/meer-informatie\/\"> Richiedi la brochure e l&#039;ultimo listino prezzi <\/a><\/h4> \n\t\t\t\t\t<\/div>\n\t\t<\/div>\n\t<\/div>\n\t<\/div>\n\n<\/div>\n<\/div>\n\n<div  class=\"content_row row vc_row wpb_row  default-style fullwidth\" >\n\t\n\t<div class=\"content_row_wrapper  default\" >\n\t<div id=\"asdasd\" class=\"vc_col-sm-12 wpb_column vc_column_container\" >\n\t<div class=\"vc_column-inner\">\n\t\t<div class=\"wpb_wrapper\" >\n\t\t\t<div class=\"button_wrapper aligncenter\"><a  href=\"\/it\/maggiori-informazioni\/\" target=\"_self\" title=\"&gt; maggiori informazioni\" class=\"button_  style-2 small\">&gt; maggiori informazioni<\/a><\/div>\n\t<div class=\"wpb_video_widget wpb_content_element vc_clearfix   vc_video-aspect-ratio-235 vc_video-el-width-100 vc_video-align-center\" >\n\t\t<div class=\"wpb_wrapper\">\n\t\t\t\n\t\t\t<div class=\"wpb_video_wrapper\"><div class=\"video-container\"><iframe title=\"Ville Campanario - Estepona \/ Marbella - da \u20ac 990.000\" width=\"1060\" height=\"596\" src=\"https:\/\/www.youtube.com\/embed\/dtm6JU8cliQ?feature=oembed\" frameborder=\"0\" allow=\"accelerometer; autoplay; clipboard-write; encrypted-media; gyroscope; picture-in-picture; web-share\" referrerpolicy=\"strict-origin-when-cross-origin\" allowfullscreen><\/iframe><\/div><\/div>\n\t\t<\/div>\n\t<\/div>\n\n\t\t<\/div>\n\t<\/div>\n\t<\/div>\n\n<\/div>\n<\/div>\n<\/section>","protected":false},"excerpt":{"rendered":"<p>\u2026 <a class=\"more-link\" href=\"https:\/\/higueronsouth.com\/it\/il-complesso\/\">Continua a leggere<\/a><\/p>","protected":false},"author":1,"featured_media":4174,"parent":0,"menu_order":3,"comment_status":"closed","ping_status":"closed","template":"","meta":{"footnotes":""},"class_list":["post-95","page","type-page","status-publish","has-post-thumbnail","hentry"],"yoast_head":"<!-- This site is optimized with the Yoast SEO plugin v26.0 - https:\/\/yoast.com\/wordpress\/plugins\/seo\/ -->\n<title>Higuer\u00f3n South - Higuer\u00f3n South<\/title>\n<meta name=\"robots\" content=\"index, follow, max-snippet:-1, max-image-preview:large, max-video-preview:-1\" \/>\n<link rel=\"canonical\" href=\"https:\/\/higueronsouth.com\/it\/il-complesso\/\" \/>\n<meta property=\"og:locale\" content=\"it_IT\" \/>\n<meta property=\"og:type\" content=\"article\" \/>\n<meta property=\"og:title\" content=\"Higuer\u00f3n South - Higuer\u00f3n South\" \/>\n<meta property=\"og:url\" content=\"https:\/\/higueronsouth.com\/it\/il-complesso\/\" \/>\n<meta property=\"og:site_name\" content=\"Higuer\u00f3n South\" \/>\n<meta property=\"article:modified_time\" content=\"2024-02-01T12:07:57+00:00\" \/>\n<meta property=\"og:image\" content=\"https:\/\/higueronsouth.com\/wp-content\/uploads\/sites\/14\/2022\/10\/Higueron-South_front.jpg\" \/>\n\t<meta property=\"og:image:width\" content=\"1379\" \/>\n\t<meta property=\"og:image:height\" content=\"597\" \/>\n\t<meta property=\"og:image:type\" content=\"image\/jpeg\" \/>\n<meta name=\"twitter:card\" content=\"summary_large_image\" \/>\n<meta name=\"twitter:label1\" content=\"Tempo di lettura stimato\" \/>\n\t<meta name=\"twitter:data1\" content=\"6 minuti\" \/>\n<script type=\"application\/ld+json\" class=\"yoast-schema-graph\">{\"@context\":\"https:\/\/schema.org\",\"@graph\":[{\"@type\":\"WebPage\",\"@id\":\"https:\/\/higueronsouth.com\/het-complex\/\",\"url\":\"https:\/\/higueronsouth.com\/het-complex\/\",\"name\":\"Higuer\u00f3n South - Higuer\u00f3n South\",\"isPartOf\":{\"@id\":\"https:\/\/higueronsouth.com\/#website\"},\"primaryImageOfPage\":{\"@id\":\"https:\/\/higueronsouth.com\/het-complex\/#primaryimage\"},\"image\":{\"@id\":\"https:\/\/higueronsouth.com\/het-complex\/#primaryimage\"},\"thumbnailUrl\":\"https:\/\/higueronsouth.com\/wp-content\/uploads\/sites\/14\/2022\/10\/Higueron-South_front.jpg\",\"datePublished\":\"2022-01-27T10:58:29+00:00\",\"dateModified\":\"2024-02-01T12:07:57+00:00\",\"breadcrumb\":{\"@id\":\"https:\/\/higueronsouth.com\/het-complex\/#breadcrumb\"},\"inLanguage\":\"it-IT\",\"potentialAction\":[{\"@type\":\"ReadAction\",\"target\":[\"https:\/\/higueronsouth.com\/het-complex\/\"]}]},{\"@type\":\"ImageObject\",\"inLanguage\":\"it-IT\",\"@id\":\"https:\/\/higueronsouth.com\/het-complex\/#primaryimage\",\"url\":\"https:\/\/higueronsouth.com\/wp-content\/uploads\/sites\/14\/2022\/10\/Higueron-South_front.jpg\",\"contentUrl\":\"https:\/\/higueronsouth.com\/wp-content\/uploads\/sites\/14\/2022\/10\/Higueron-South_front.jpg\",\"width\":1379,\"height\":597},{\"@type\":\"BreadcrumbList\",\"@id\":\"https:\/\/higueronsouth.com\/het-complex\/#breadcrumb\",\"itemListElement\":[{\"@type\":\"ListItem\",\"position\":1,\"name\":\"Home\",\"item\":\"https:\/\/higueronsouth.com\/\"},{\"@type\":\"ListItem\",\"position\":2,\"name\":\"Higuer\u00f3n South\"}]},{\"@type\":\"WebSite\",\"@id\":\"https:\/\/higueronsouth.com\/#website\",\"url\":\"https:\/\/higueronsouth.com\/\",\"name\":\"Higuer\u00f3n South\",\"description\":\"\",\"potentialAction\":[{\"@type\":\"SearchAction\",\"target\":{\"@type\":\"EntryPoint\",\"urlTemplate\":\"https:\/\/higueronsouth.com\/?s={search_term_string}\"},\"query-input\":{\"@type\":\"PropertyValueSpecification\",\"valueRequired\":true,\"valueName\":\"search_term_string\"}}],\"inLanguage\":\"it-IT\"}]}<\/script>\n<!-- \/ Yoast SEO plugin. -->","yoast_head_json":{"title":"Higueron Sud - Higueron Sud","robots":{"index":"index","follow":"follow","max-snippet":"max-snippet:-1","max-image-preview":"max-image-preview:large","max-video-preview":"max-video-preview:-1"},"canonical":"https:\/\/higueronsouth.com\/it\/il-complesso\/","og_locale":"it_IT","og_type":"article","og_title":"Higuer\u00f3n South - Higuer\u00f3n South","og_url":"https:\/\/higueronsouth.com\/it\/il-complesso\/","og_site_name":"Higuer\u00f3n South","article_modified_time":"2024-02-01T12:07:57+00:00","og_image":[{"width":1379,"height":597,"url":"https:\/\/higueronsouth.com\/wp-content\/uploads\/sites\/14\/2022\/10\/Higueron-South_front.jpg","type":"image\/jpeg"}],"twitter_card":"summary_large_image","twitter_misc":{"Tempo di lettura stimato":"6 minuti"},"schema":{"@context":"https:\/\/schema.org","@graph":[{"@type":"WebPage","@id":"https:\/\/higueronsouth.com\/het-complex\/","url":"https:\/\/higueronsouth.com\/het-complex\/","name":"Higueron Sud - Higueron Sud","isPartOf":{"@id":"https:\/\/higueronsouth.com\/#website"},"primaryImageOfPage":{"@id":"https:\/\/higueronsouth.com\/het-complex\/#primaryimage"},"image":{"@id":"https:\/\/higueronsouth.com\/het-complex\/#primaryimage"},"thumbnailUrl":"https:\/\/higueronsouth.com\/wp-content\/uploads\/sites\/14\/2022\/10\/Higueron-South_front.jpg","datePublished":"2022-01-27T10:58:29+00:00","dateModified":"2024-02-01T12:07:57+00:00","breadcrumb":{"@id":"https:\/\/higueronsouth.com\/het-complex\/#breadcrumb"},"inLanguage":"it-IT","potentialAction":[{"@type":"ReadAction","target":["https:\/\/higueronsouth.com\/het-complex\/"]}]},{"@type":"ImageObject","inLanguage":"it-IT","@id":"https:\/\/higueronsouth.com\/het-complex\/#primaryimage","url":"https:\/\/higueronsouth.com\/wp-content\/uploads\/sites\/14\/2022\/10\/Higueron-South_front.jpg","contentUrl":"https:\/\/higueronsouth.com\/wp-content\/uploads\/sites\/14\/2022\/10\/Higueron-South_front.jpg","width":1379,"height":597},{"@type":"BreadcrumbList","@id":"https:\/\/higueronsouth.com\/het-complex\/#breadcrumb","itemListElement":[{"@type":"ListItem","position":1,"name":"Home","item":"https:\/\/higueronsouth.com\/"},{"@type":"ListItem","position":2,"name":"Higuer\u00f3n South"}]},{"@type":"WebSite","@id":"https:\/\/higueronsouth.com\/#website","url":"https:\/\/higueronsouth.com\/","name":"Higueron Sud","description":"","potentialAction":[{"@type":"SearchAction","target":{"@type":"EntryPoint","urlTemplate":"https:\/\/higueronsouth.com\/?s={search_term_string}"},"query-input":{"@type":"PropertyValueSpecification","valueRequired":true,"valueName":"search_term_string"}}],"inLanguage":"it-IT"}]}},"_links":{"self":[{"href":"https:\/\/higueronsouth.com\/it\/wp-json\/wp\/v2\/pages\/95","targetHints":{"allow":["GET"]}}],"collection":[{"href":"https:\/\/higueronsouth.com\/it\/wp-json\/wp\/v2\/pages"}],"about":[{"href":"https:\/\/higueronsouth.com\/it\/wp-json\/wp\/v2\/types\/page"}],"author":[{"embeddable":true,"href":"https:\/\/higueronsouth.com\/it\/wp-json\/wp\/v2\/users\/1"}],"replies":[{"embeddable":true,"href":"https:\/\/higueronsouth.com\/it\/wp-json\/wp\/v2\/comments?post=95"}],"version-history":[{"count":52,"href":"https:\/\/higueronsouth.com\/it\/wp-json\/wp\/v2\/pages\/95\/revisions"}],"predecessor-version":[{"id":4270,"href":"https:\/\/higueronsouth.com\/it\/wp-json\/wp\/v2\/pages\/95\/revisions\/4270"}],"wp:featuredmedia":[{"embeddable":true,"href":"https:\/\/higueronsouth.com\/it\/wp-json\/wp\/v2\/media\/4174"}],"wp:attachment":[{"href":"https:\/\/higueronsouth.com\/it\/wp-json\/wp\/v2\/media?parent=95"}],"curies":[{"name":"wp","href":"https:\/\/api.w.org\/{rel}","templated":true}]}}