{"id":95,"date":"2022-01-27T10:58:29","date_gmt":"2022-01-27T10:58:29","guid":{"rendered":"http:\/\/cognito.mprinsdesign.nl\/?page_id=95"},"modified":"2024-02-01T12:07:57","modified_gmt":"2024-02-01T12:07:57","slug":"le-complexe","status":"publish","type":"page","link":"https:\/\/higueronsouth.com\/fr\/le-complexe\/","title":{"rendered":"Higueron Sud"},"content":{"rendered":"<section class=\"wpb-content-wrapper\"><div  class=\"content_row row page-content vc_row wpb_row  default-style fullwidth\" >\n\t\n\t<div class=\"content_row_wrapper  default\" >\n\t<div id=\"asdasd\" class=\"vc_col-sm-12 wpb_column vc_column_container\" >\n\t<div class=\"vc_column-inner\">\n\t\t<div class=\"wpb_wrapper\" >\n\t\t\t<div class=\"rt_heading_wrapper no-style\">\n\t\t\t\t\t\t<h1 class=\"rt_heading  no-style\"  style=\"font-size:24px;margin-top:24px;margin-bottom:0px;\">Higueron Sud- <span class=\"after_h1\">le summum du luxe et de l&#039;architecture<\/span><\/h1> \n\t\t\t\t\t<\/div><div class=\"vc_empty_space\"   style=\"height: 32px\"><span class=\"vc_empty_space_inner\"><\/span><\/div><div class=\"vc_separator wpb_content_element vc_separator_align_center vc_sep_width_100 vc_sep_style-4 vc_sep_pos_align_center vc_separator_no_text vc_sep_color_grey\" ><span class=\"vc_sep_holder vc_sep_holder_l\"><span class=\"vc_sep_line\"><\/span><\/span><span class=\"vc_sep_holder vc_sep_holder_r\"><span class=\"vc_sep_line\"><\/span><\/span>\n<\/div><div class=\"vc_empty_space\"   style=\"height: 32px\"><span class=\"vc_empty_space_inner\"><\/span><\/div>\n\t<div class=\"wpb_text_column wpb_content_element\" >\n\t\t<div class=\"wpb_wrapper\">\n\t\t\t<div class=\"\">\n<p><span style=\"font-weight: 400;\">Acheter un nouvel appartement dans un emplacement id\u00e9al \u00e0 Fuengirola ? Le projet de construction neuve <em><strong>Higueron Sud<\/strong><\/em> \u00e0 flanc de montagne de Fuengirola offre de nombreuses possibilit\u00e9s. Appartements et penthouses modernes au milieu de magnifiques jardins paysagers. Mais il y a plus, beaucoup plus. Les environs imm\u00e9diats du projet offrent vraiment tout : du bien-\u00eatre, du spa, de la salle de sport, du padel, des restaurants et caf\u00e9s sur place, de la conciergerie, de la garde d&#039;enfants, de la location de v\u00e9los \u00e9lectriques et oui, m\u00eame du dog sitting !\u00a0<\/span><\/p>\n<p><span style=\"font-weight: 400;\">Rares sont les projets o\u00f9 tous ces services sont offerts. Higueron Sud n&#039;est pas seulement un lieu de vie, mais un concept de style de vie complet.<\/span><\/p>\n<p><span style=\"font-weight: 400;\">De plus, Higueron Sud offre un choix de nombreux appartements et penthouses construits selon les normes les plus \u00e9lev\u00e9es, parfaits comme maison de vacances ou r\u00e9sidence permanente avec de nombreux espaces verts ext\u00e9rieurs, une piscine luxueuse. Les appartements sont \u00e9quip\u00e9s d&#039;une cuisine ouverte, int\u00e9gr\u00e9e dans le salon et reli\u00e9e \u00e0 de spacieuses terrasses avec une belle vue sur les jardins paysagers, la mer et les montagnes. Nous travaillons avec une finition de qualit\u00e9 sup\u00e9rieure et ces maisons \u00e9conomes en \u00e9nergie sont \u00e0 la fois modernes et \u00e9l\u00e9gantes en raison de leur conception et utilisent largement la lumi\u00e8re naturelle. Les propri\u00e9t\u00e9s \u00e0 Higueron ont toutes de grandes terrasses avec vue d\u00e9gag\u00e9e et des penthouses avec solariums donnant sur les jardins, les montagnes et la mer. Toutes les maisons d&#039;Higueron Sud sont \u00e9quip\u00e9es d&#039;un garage et d&#039;un d\u00e9barras.<\/span><\/p>\n<p><span style=\"font-weight: 400;\">Ce projet exclusif se compose de 5 phases spacieuses avec de nombreux espaces verts. Chaque phase dispose de son propre espace de coworking, d&#039;une piscine d&#039;eau sal\u00e9e et d&#039;une salle de sport.\u00a0<\/span><\/p>\n<h2>Point culminant Higueron Sud<\/h2>\n<ul>\n<li><span style=\"font-weight: 400;\">Choix d&#039;appartements et penthouses de 2 et 3 chambres<\/span><\/li>\n<li><span style=\"font-weight: 400;\">300 000 m2 de terrain dont +50 000 m2 de jardin<\/span><\/li>\n<li><span style=\"font-weight: 400;\">Cuisine et espace de vie \u00e0 aire ouverte<\/span><\/li>\n<li><span style=\"font-weight: 400;\">Vue panoramique mer et montagne<\/span><\/li>\n<li><span style=\"font-weight: 400;\">Terrasses spacieuses avec balustrade en verre<\/span><\/li>\n<li><span style=\"font-weight: 400;\">Belle finition<\/span><\/li>\n<li><span style=\"font-weight: 400;\">Hautes fen\u00eatres pour beaucoup de lumi\u00e8re<\/span><\/li>\n<li><span style=\"font-weight: 400;\">Jardins communautaires<\/span><\/li>\n<li><span style=\"font-weight: 400;\">Grande piscine<\/span><\/li>\n<li><span style=\"font-weight: 400;\">\u00c0 distance de marche du club house<\/span><\/li>\n<li><span style=\"font-weight: 400;\">Service de conciergerie, 9 restaurants sur place, spa, club de sport<\/span><\/li>\n<li><span style=\"font-weight: 400;\">Emplacement \u00e0 20 minutes de l&#039;a\u00e9roport de Malaga<\/span><\/li>\n<\/ul>\n<p>&nbsp;<\/p>\n<\/div>\n<div id=\"360tour\"><\/div>\n<p>&nbsp;<\/p>\n<p>&nbsp;<\/p>\n<h2>360\u00b0 \u2013 Visite Virtuelle Higuer\u00f3n Sud<\/h2>\n<ul>\n<li><a href=\"https:\/\/ajdestudio.com\/virtualtour\/southpenthouse\/\" target=\"_blank\" rel=\"noopener\"><strong>Visite Virtuelle SKY PENTHOUSES &gt;&gt;&gt;\u00a0<\/strong><\/a><\/li>\n<li><a href=\"https:\/\/ajdestudio.com\/virtualtour\/southskyvilla\/\" target=\"_blank\" rel=\"noopener\"><strong>VILLAS CIEL &gt;&gt;&gt;<\/strong><\/a><\/li>\n<\/ul>\n<h2><\/h2>\n<p>&nbsp;<\/p>\n<div class=\"\">\n<h2>Tarifs Higueron Sud<\/h2>\n<ul>\n<li style=\"font-weight: 400;\" aria-level=\"1\"><span style=\"font-weight: 400;\">Le <\/span><b>2 chambres<\/b><span style=\"font-weight: 400;\">, 2 appartements de salle de bain sont de 85 m2 construits plus une terrasse de 44 m2. Tarifs \u00e0 partir de <\/span><b>\u00c9PUIS\u00c9<\/b><\/li>\n<li style=\"font-weight: 400;\" aria-level=\"1\"><span style=\"font-weight: 400;\">Le<\/span><b> 3 chambres<\/b><span style=\"font-weight: 400;\">, 2 appartements de salle de bain sont de 116 m2 construits plus une terrasse de 30 m2. Tarifs \u00e0 partir de <\/span><b>\u00c9PUIS\u00c9<\/b><\/li>\n<li style=\"font-weight: 400;\" aria-level=\"1\">Le <strong>3 chambres<\/strong>, 2 salles de bain <b>penthouses<\/b> sont 130 m2 construits plus une terrasse de 50 m2. Tarifs \u00e0 partir de <b>\u20ac 1.290.000<\/b><\/li>\n<\/ul>\n<p><span style=\"font-weight: 400;\">Ce projet exclusif se compose de 5 phases spacieuses avec de nombreux espaces verts. Chaque phase dispose de son propre espace de coworking, d&#039;une piscine d&#039;eau sal\u00e9e et d&#039;une salle de sport.\u00a0<\/span><\/p>\n<p><span style=\"font-weight: 400;\">Pour faire une r\u00e9servation, vous payez 10 000 euros et l&#039;avant-contrat de 25% n&#039;est sign\u00e9 que lorsque le permis de construire et la garantie bancaire ont \u00e9t\u00e9 obtenus.\u00a0<\/span><\/p>\n<p><span style=\"font-weight: 400;\">Puis pendant la construction d&#039;environ 18 mois un autre 15% et seulement \u00e0 la livraison le montant restant de 60% du prix d&#039;achat.<\/span><\/p>\n<p>Vous avez une question pr\u00e9cise ou vous souhaitez prendre rendez-vous ? Appelez Ron de Vries au +34 677 67 04 80<\/p>\n<p><strong>Offre totale Higueron<\/strong><\/p>\n<p>Souhaitez-vous un aper\u00e7u de l\u2019offre totale d\u2019Higuer\u00f3n ? Alors visitez le <a href=\"https:\/\/higueron-estates.com\/\"><strong>Site Internet des Domaines Higueron &gt;<\/strong><\/a><\/p>\n<h4>Caract\u00e9ristiques<\/h4>\n<p>FONDATIONS ET STRUCTURE<br \/>\n\u2013 Fondations en dalles de b\u00e9ton arm\u00e9 et structure en b\u00e9ton arm\u00e9 dans les piles et les dalles de wafer.<\/p>\n<p>TOITS<br \/>\n\u2013 Les surfaces (toitures) non pi\u00e9tonnes sont finies avec du gravier et les espaces ext\u00e9rieurs (comme les terrasses) sont finis avec des carreaux en gr\u00e8s c\u00e9rame.<br \/>\n\u2013 Isolation et \u00e9tanch\u00e9it\u00e9 conformes \u00e0 la r\u00e9glementation.<\/p>\n<p>DES MURS<br \/>\n\u2013 Les murs ext\u00e9rieurs seront constitu\u00e9s d&#039;une ma\u00e7onnerie \u00e0 double paroi avec isolation int\u00e9rieure thermo-acoustique de haute qualit\u00e9 et d&#039;un parement ext\u00e9rieur en mortier de ciment hydrofuge avec une couche de peinture sp\u00e9ciale pour l&#039;ext\u00e9rieur et de couleur selon le projet.<\/p>\n<p>CHEMINS<br \/>\n\u2013 Brique creuse double en c\u00e9ramique, re\u00e7ue au mortier de ciment.<br \/>\n\u2013 Fini avec du pl\u00e2tre et de la peinture blanche mate.<\/p>\n<p>FINITION PAR PI\u00c8CE<br \/>\nChambres a coucher:<br \/>\n\u2013 Sols en gr\u00e8s c\u00e9rame et plinthes du m\u00eame mat\u00e9riau.<br \/>\n\u2013 Murs et plafonds garnis et enduits de peinture au latex blanc mat.<br \/>\nSalles de bain\u00a0:<br \/>\n\u2013 Sols avec carrelage en gr\u00e8s c\u00e9rame<br \/>\n\u2013 Murs carrel\u00e9s avec des carreaux en gr\u00e8s c\u00e9rame<br \/>\n\u2013 Plafonds avec enduit lisse.<br \/>\n\u2013 Sanitaires Roca ou \u00e9quivalent, y compris toilettes suspendues.<br \/>\n\u2013 Receveur de douche en r\u00e9sine.<br \/>\n\u2013 Robinets chrom\u00e9s.<br \/>\nEspaces de vie :<br \/>\n\u2013 Rev\u00eatement de sol avec carreaux en gr\u00e8s c\u00e9rame et plinthes en gr\u00e8s c\u00e9rame<br \/>\n\u2013 Murs et plafonds avec garniture et enduit avec peinture au latex blanc mat<br \/>\nTerrasses :<br \/>\n\u2013 Sols avec carrelage en gr\u00e8s c\u00e9rame et plinthes en gr\u00e8s c\u00e9rame<\/p>\n<p>LAMBRIS<br \/>\n\u2013 la menuiserie ext\u00e9rieure sera constitu\u00e9e de profil\u00e9s en aluminium \u00e0 rupture de pont thermique avec verre de s\u00e9curit\u00e9 feuillet\u00e9 et \u00e0 faible \u00e9missivit\u00e9 thermique.<br \/>\n\u2013 la menuiserie int\u00e9rieure est en bois laqu\u00e9 blanc et la porte d&#039;acc\u00e8s est s\u00e9curis\u00e9e.<br \/>\n\u2013 les armoires sont fabriqu\u00e9es avec des portes coulissantes en bois avec poign\u00e9e de type u\u00f1ero et les int\u00e9rieurs sont finis avec du textile cancun.<\/p>\n<p>INSTALLATION D&#039;EAU FROIDE ET CHAUDE<br \/>\n\u2013 Installation d&#039;eau chaude et froide selon la r\u00e9glementation en vigueur, avec des tuyaux de la meilleure qualit\u00e9 avec vannes d&#039;arr\u00eat partiel dans chaque pi\u00e8ce humide et individualis\u00e9 par appareil.<br \/>\n\u2013 syst\u00e8me a\u00e9rothermique pour la production d&#039;eau chaude.<\/p>\n<p>INSTALLATION DE L&#039;\u00c9LECTRICIT\u00c9 ET DE L&#039;\u00c9CLAIRAGE.<br \/>\n\u2013 L&#039;\u00e9lectrification et l&#039;\u00e9clairage de haute qualit\u00e9 sont install\u00e9s avec int\u00e9gr\u00e9.<br \/>\n\u2013 \u00c9clairage LED dans les salles de bains, les couloirs et la cuisine.<br \/>\n\u2013 M\u00e9canismes Schneider (ou similaire)<\/p>\n<p>CLIMATISATION<br \/>\n\u2013 syst\u00e8me de climatisation de haute qualit\u00e9<\/p>\n<p>INSTALLATION DE T\u00c9L\u00c9COMMUNICATIONS.<br \/>\n\u2013 installation de t\u00e9l\u00e9communication selon la r\u00e9glementation en vigueur, y compris interphone couleur et connexions TV et internet dans le salon et la chambre principale.<\/p>\n<p>&nbsp;<\/p>\n<\/div>\n\n\t\t<\/div>\n\t<\/div>\n\n\t\t<\/div>\n\t<\/div>\n\t<\/div>\n\n<\/div>\n<\/div>\n\n<div  class=\"content_row row page-content vc_row wpb_row  default-style fullwidth\" style=\"background-color: #bbac8c;\">\n\t\n\t<div class=\"content_row_wrapper  default\" >\n\t<div id=\"asdasd\" class=\"vc_col-sm-12 wpb_column vc_column_container\" >\n\t<div class=\"vc_column-inner\">\n\t\t<div class=\"wpb_wrapper\" >\n\t\t\t<div class=\"rt_heading_wrapper no-style\">\n\t\t\t\t\t\t<h1 class=\"rt_heading  no-style\"  style=\"font-size:24px;margin-top:24px;margin-bottom:0px;\">Caract\u00e9ristiques - <span class=\"after_h1 white\">Campanario Villas<\/span><\/h1> \n\t\t\t\t\t<\/div><div class=\"vc_empty_space\"   style=\"height: 32px\"><span class=\"vc_empty_space_inner\"><\/span><\/div><div class=\"vc_separator wpb_content_element vc_separator_align_center vc_sep_width_100 vc_sep_style-4 vc_sep_pos_align_center vc_separator_no_text vc_sep_color_grey\" ><span class=\"vc_sep_holder vc_sep_holder_l\"><span class=\"vc_sep_line\"><\/span><\/span><span class=\"vc_sep_holder vc_sep_holder_r\"><span class=\"vc_sep_line\"><\/span><\/span>\n<\/div>\n\t<div class=\"wpb_text_column wpb_content_element\" >\n\t\t<div class=\"wpb_wrapper\">\n\t\t\t\t \n\t\t<div  class=\"bullet-list style-1  check\">\n\t\t<ul>\n<li>le meilleur du luxe et de l&#039;architecture<\/li>\n<li>vue sur la mer et \u00e0 distance de marche de la plage<\/li>\n<li>finir au go\u00fbt<\/li>\n<li>\u00e9quipements imbattables<\/li>\n<li>chaque maison 2 places de parking<\/li>\n<li>prix \u00e0 partir de 455 000 \u20ac<\/li>\n<\/ul>\n\n\t\t<\/div>\n\t\n\n\t\t<\/div>\n\t<\/div>\n\n\t\t<\/div>\n\t<\/div>\n\t<\/div>\n\n<\/div>\n<\/div>\n\n<div  class=\"content_row row quote-row vc_row wpb_row  default-style fullwidth\" style=\"background-color: #fcfcfc;\">\n\t\n\t<div class=\"content_row_wrapper  fullwidth\" >\n\t<div id=\"asdasd\" class=\"vc_col-sm-12 wpb_column vc_column_container vc_custom_1644925648982\" >\n\t<div class=\"vc_column-inner\">\n\t\t<div class=\"wpb_wrapper\" >\n\t\t\t<div class=\"rt_heading_wrapper style-3\">\n\t\t\t\t\t\t<h4 class=\"rt_heading serif quote-max-width style-3\" >Dossier d&#039;information Med Hills <a href=\"https:\/\/new.minisites.casadelmar.nl\/meer-informatie\/\"> Demander la brochure et la derni\u00e8re liste de prix <\/a><\/h4> \n\t\t\t\t\t<\/div>\n\t\t<\/div>\n\t<\/div>\n\t<\/div>\n\n<\/div>\n<\/div>\n\n<div  class=\"content_row row vc_row wpb_row  default-style fullwidth\" >\n\t\n\t<div class=\"content_row_wrapper  default\" >\n\t<div id=\"asdasd\" class=\"vc_col-sm-12 wpb_column vc_column_container\" >\n\t<div class=\"vc_column-inner\">\n\t\t<div class=\"wpb_wrapper\" >\n\t\t\t<div class=\"button_wrapper aligncenter\"><a  href=\"\/fr\/plus-dinformation\/\" target=\"_self\" title=\"&gt; plus d&#039;infos\" class=\"button_  style-2 small\">&gt; plus d&#039;infos<\/a><\/div>\n\t<div class=\"wpb_video_widget wpb_content_element vc_clearfix   vc_video-aspect-ratio-235 vc_video-el-width-100 vc_video-align-center\" >\n\t\t<div class=\"wpb_wrapper\">\n\t\t\t\n\t\t\t<div class=\"wpb_video_wrapper\"><div class=\"video-container\"><iframe title=\"Campanario Villas - Estepona \/ Marbella - \u00e0 partir de 990 000 \u20ac\" width=\"1060\" height=\"596\" src=\"https:\/\/www.youtube.com\/embed\/dtm6JU8cliQ?feature=oembed\" frameborder=\"0\" allow=\"accelerometer; autoplay; clipboard-write; encrypted-media; gyroscope; picture-in-picture; web-share\" referrerpolicy=\"strict-origin-when-cross-origin\" allowfullscreen><\/iframe><\/div><\/div>\n\t\t<\/div>\n\t<\/div>\n\n\t\t<\/div>\n\t<\/div>\n\t<\/div>\n\n<\/div>\n<\/div>\n<\/section>","protected":false},"excerpt":{"rendered":"<p>\u2026 <a class=\"more-link\" href=\"https:\/\/higueronsouth.com\/fr\/le-complexe\/\">continuer la lecture<\/a><\/p>","protected":false},"author":1,"featured_media":4174,"parent":0,"menu_order":3,"comment_status":"closed","ping_status":"closed","template":"","meta":{"footnotes":""},"class_list":["post-95","page","type-page","status-publish","has-post-thumbnail","hentry"],"yoast_head":"<!-- This site is optimized with the Yoast SEO plugin v26.0 - https:\/\/yoast.com\/wordpress\/plugins\/seo\/ -->\n<title>Higuer\u00f3n South - Higuer\u00f3n South<\/title>\n<meta name=\"robots\" content=\"index, follow, max-snippet:-1, max-image-preview:large, max-video-preview:-1\" \/>\n<link rel=\"canonical\" href=\"https:\/\/higueronsouth.com\/fr\/le-complexe\/\" \/>\n<meta property=\"og:locale\" content=\"fr_FR\" \/>\n<meta property=\"og:type\" content=\"article\" \/>\n<meta property=\"og:title\" content=\"Higuer\u00f3n South - Higuer\u00f3n South\" \/>\n<meta property=\"og:url\" content=\"https:\/\/higueronsouth.com\/fr\/le-complexe\/\" \/>\n<meta property=\"og:site_name\" content=\"Higuer\u00f3n South\" \/>\n<meta property=\"article:modified_time\" content=\"2024-02-01T12:07:57+00:00\" \/>\n<meta property=\"og:image\" content=\"https:\/\/higueronsouth.com\/wp-content\/uploads\/sites\/14\/2022\/10\/Higueron-South_front.jpg\" \/>\n\t<meta property=\"og:image:width\" content=\"1379\" \/>\n\t<meta property=\"og:image:height\" content=\"597\" \/>\n\t<meta property=\"og:image:type\" content=\"image\/jpeg\" \/>\n<meta name=\"twitter:card\" content=\"summary_large_image\" \/>\n<meta name=\"twitter:label1\" content=\"Dur\u00e9e de lecture estim\u00e9e\" \/>\n\t<meta name=\"twitter:data1\" content=\"6 minutes\" \/>\n<script type=\"application\/ld+json\" class=\"yoast-schema-graph\">{\"@context\":\"https:\/\/schema.org\",\"@graph\":[{\"@type\":\"WebPage\",\"@id\":\"https:\/\/higueronsouth.com\/het-complex\/\",\"url\":\"https:\/\/higueronsouth.com\/het-complex\/\",\"name\":\"Higuer\u00f3n South - Higuer\u00f3n South\",\"isPartOf\":{\"@id\":\"https:\/\/higueronsouth.com\/#website\"},\"primaryImageOfPage\":{\"@id\":\"https:\/\/higueronsouth.com\/het-complex\/#primaryimage\"},\"image\":{\"@id\":\"https:\/\/higueronsouth.com\/het-complex\/#primaryimage\"},\"thumbnailUrl\":\"https:\/\/higueronsouth.com\/wp-content\/uploads\/sites\/14\/2022\/10\/Higueron-South_front.jpg\",\"datePublished\":\"2022-01-27T10:58:29+00:00\",\"dateModified\":\"2024-02-01T12:07:57+00:00\",\"breadcrumb\":{\"@id\":\"https:\/\/higueronsouth.com\/het-complex\/#breadcrumb\"},\"inLanguage\":\"fr-FR\",\"potentialAction\":[{\"@type\":\"ReadAction\",\"target\":[\"https:\/\/higueronsouth.com\/het-complex\/\"]}]},{\"@type\":\"ImageObject\",\"inLanguage\":\"fr-FR\",\"@id\":\"https:\/\/higueronsouth.com\/het-complex\/#primaryimage\",\"url\":\"https:\/\/higueronsouth.com\/wp-content\/uploads\/sites\/14\/2022\/10\/Higueron-South_front.jpg\",\"contentUrl\":\"https:\/\/higueronsouth.com\/wp-content\/uploads\/sites\/14\/2022\/10\/Higueron-South_front.jpg\",\"width\":1379,\"height\":597},{\"@type\":\"BreadcrumbList\",\"@id\":\"https:\/\/higueronsouth.com\/het-complex\/#breadcrumb\",\"itemListElement\":[{\"@type\":\"ListItem\",\"position\":1,\"name\":\"Home\",\"item\":\"https:\/\/higueronsouth.com\/\"},{\"@type\":\"ListItem\",\"position\":2,\"name\":\"Higuer\u00f3n South\"}]},{\"@type\":\"WebSite\",\"@id\":\"https:\/\/higueronsouth.com\/#website\",\"url\":\"https:\/\/higueronsouth.com\/\",\"name\":\"Higuer\u00f3n South\",\"description\":\"\",\"potentialAction\":[{\"@type\":\"SearchAction\",\"target\":{\"@type\":\"EntryPoint\",\"urlTemplate\":\"https:\/\/higueronsouth.com\/?s={search_term_string}\"},\"query-input\":{\"@type\":\"PropertyValueSpecification\",\"valueRequired\":true,\"valueName\":\"search_term_string\"}}],\"inLanguage\":\"fr-FR\"}]}<\/script>\n<!-- \/ Yoast SEO plugin. -->","yoast_head_json":{"title":"Higueron Sud - Higueron Sud","robots":{"index":"index","follow":"follow","max-snippet":"max-snippet:-1","max-image-preview":"max-image-preview:large","max-video-preview":"max-video-preview:-1"},"canonical":"https:\/\/higueronsouth.com\/fr\/le-complexe\/","og_locale":"fr_FR","og_type":"article","og_title":"Higuer\u00f3n South - Higuer\u00f3n South","og_url":"https:\/\/higueronsouth.com\/fr\/le-complexe\/","og_site_name":"Higuer\u00f3n South","article_modified_time":"2024-02-01T12:07:57+00:00","og_image":[{"width":1379,"height":597,"url":"https:\/\/higueronsouth.com\/wp-content\/uploads\/sites\/14\/2022\/10\/Higueron-South_front.jpg","type":"image\/jpeg"}],"twitter_card":"summary_large_image","twitter_misc":{"Dur\u00e9e de lecture estim\u00e9e":"6 minutes"},"schema":{"@context":"https:\/\/schema.org","@graph":[{"@type":"WebPage","@id":"https:\/\/higueronsouth.com\/het-complex\/","url":"https:\/\/higueronsouth.com\/het-complex\/","name":"Higueron Sud - Higueron Sud","isPartOf":{"@id":"https:\/\/higueronsouth.com\/#website"},"primaryImageOfPage":{"@id":"https:\/\/higueronsouth.com\/het-complex\/#primaryimage"},"image":{"@id":"https:\/\/higueronsouth.com\/het-complex\/#primaryimage"},"thumbnailUrl":"https:\/\/higueronsouth.com\/wp-content\/uploads\/sites\/14\/2022\/10\/Higueron-South_front.jpg","datePublished":"2022-01-27T10:58:29+00:00","dateModified":"2024-02-01T12:07:57+00:00","breadcrumb":{"@id":"https:\/\/higueronsouth.com\/het-complex\/#breadcrumb"},"inLanguage":"fr-FR","potentialAction":[{"@type":"ReadAction","target":["https:\/\/higueronsouth.com\/het-complex\/"]}]},{"@type":"ImageObject","inLanguage":"fr-FR","@id":"https:\/\/higueronsouth.com\/het-complex\/#primaryimage","url":"https:\/\/higueronsouth.com\/wp-content\/uploads\/sites\/14\/2022\/10\/Higueron-South_front.jpg","contentUrl":"https:\/\/higueronsouth.com\/wp-content\/uploads\/sites\/14\/2022\/10\/Higueron-South_front.jpg","width":1379,"height":597},{"@type":"BreadcrumbList","@id":"https:\/\/higueronsouth.com\/het-complex\/#breadcrumb","itemListElement":[{"@type":"ListItem","position":1,"name":"Home","item":"https:\/\/higueronsouth.com\/"},{"@type":"ListItem","position":2,"name":"Higuer\u00f3n South"}]},{"@type":"WebSite","@id":"https:\/\/higueronsouth.com\/#website","url":"https:\/\/higueronsouth.com\/","name":"Higueron Sud","description":"","potentialAction":[{"@type":"SearchAction","target":{"@type":"EntryPoint","urlTemplate":"https:\/\/higueronsouth.com\/?s={search_term_string}"},"query-input":{"@type":"PropertyValueSpecification","valueRequired":true,"valueName":"search_term_string"}}],"inLanguage":"fr-FR"}]}},"_links":{"self":[{"href":"https:\/\/higueronsouth.com\/fr\/wp-json\/wp\/v2\/pages\/95","targetHints":{"allow":["GET"]}}],"collection":[{"href":"https:\/\/higueronsouth.com\/fr\/wp-json\/wp\/v2\/pages"}],"about":[{"href":"https:\/\/higueronsouth.com\/fr\/wp-json\/wp\/v2\/types\/page"}],"author":[{"embeddable":true,"href":"https:\/\/higueronsouth.com\/fr\/wp-json\/wp\/v2\/users\/1"}],"replies":[{"embeddable":true,"href":"https:\/\/higueronsouth.com\/fr\/wp-json\/wp\/v2\/comments?post=95"}],"version-history":[{"count":52,"href":"https:\/\/higueronsouth.com\/fr\/wp-json\/wp\/v2\/pages\/95\/revisions"}],"predecessor-version":[{"id":4270,"href":"https:\/\/higueronsouth.com\/fr\/wp-json\/wp\/v2\/pages\/95\/revisions\/4270"}],"wp:featuredmedia":[{"embeddable":true,"href":"https:\/\/higueronsouth.com\/fr\/wp-json\/wp\/v2\/media\/4174"}],"wp:attachment":[{"href":"https:\/\/higueronsouth.com\/fr\/wp-json\/wp\/v2\/media?parent=95"}],"curies":[{"name":"wp","href":"https:\/\/api.w.org\/{rel}","templated":true}]}}