{"id":95,"date":"2022-01-27T10:58:29","date_gmt":"2022-01-27T10:58:29","guid":{"rendered":"http:\/\/cognito.mprinsdesign.nl\/?page_id=95"},"modified":"2024-02-01T12:07:57","modified_gmt":"2024-02-01T12:07:57","slug":"el-complejo","status":"publish","type":"page","link":"https:\/\/higueronsouth.com\/es\/el-complejo\/","title":{"rendered":"Higuer\u00f3n Sur"},"content":{"rendered":"<section class=\"wpb-content-wrapper\"><div  class=\"content_row row page-content vc_row wpb_row  default-style fullwidth\" >\n\t\n\t<div class=\"content_row_wrapper  default\" >\n\t<div id=\"asdasd\" class=\"vc_col-sm-12 wpb_column vc_column_container\" >\n\t<div class=\"vc_column-inner\">\n\t\t<div class=\"wpb_wrapper\" >\n\t\t\t<div class=\"rt_heading_wrapper no-style\">\n\t\t\t\t\t\t<h1 class=\"rt_heading  no-style\"  style=\"font-size:24px;margin-top:24px;margin-bottom:0px;\">Higueron Sur- <span class=\"after_h1\">el pin\u00e1culo del lujo y la arquitectura<\/span><\/h1> \n\t\t\t\t\t<\/div><div class=\"vc_empty_space\"   style=\"height: 32px\"><span class=\"vc_empty_space_inner\"><\/span><\/div><div class=\"vc_separator wpb_content_element vc_separator_align_center vc_sep_width_100 vc_sep_style-4 vc_sep_pos_align_center vc_separator_no_text vc_sep_color_grey\" ><span class=\"vc_sep_holder vc_sep_holder_l\"><span class=\"vc_sep_line\"><\/span><\/span><span class=\"vc_sep_holder vc_sep_holder_r\"><span class=\"vc_sep_line\"><\/span><\/span>\n<\/div><div class=\"vc_empty_space\"   style=\"height: 32px\"><span class=\"vc_empty_space_inner\"><\/span><\/div>\n\t<div class=\"wpb_text_column wpb_content_element\" >\n\t\t<div class=\"wpb_wrapper\">\n\t\t\t<div class=\"\">\n<p><span style=\"font-weight: 400;\">\u00bfComprar un apartamento nuevo en una ubicaci\u00f3n ideal en Fuengirola? El nuevo proyecto de construcci\u00f3n <em><strong>Higuer\u00f3n Sur<\/strong><\/em> en la ladera de la monta\u00f1a de Fuengirola ofrece muchas posibilidades. Modernos apartamentos y \u00e1ticos en medio de hermosos jardines. Pero hay m\u00e1s, mucho m\u00e1s. El entorno inmediato del proyecto realmente ofrece todo: desde bienestar, spa, gimnasio, p\u00e1del, restaurantes y cafeter\u00edas en el lugar, conserjer\u00eda, servicio de ni\u00f1era, alquiler de bicicletas el\u00e9ctricas y s\u00ed, \u00a1incluso cuidado de perros!\u00a0<\/span><\/p>\n<p><span style=\"font-weight: 400;\">Son pocos los proyectos donde se ofrecen todos estos servicios. Higueron Sur no es solo vivir, sino un completo concepto de estilo de vida.<\/span><\/p>\n<p><span style=\"font-weight: 400;\">Adem\u00e1s, Higueron South ofrece una selecci\u00f3n de numerosos apartamentos y \u00e1ticos construidos con los m\u00e1s altos est\u00e1ndares, perfectos como casa de vacaciones o residencia permanente con muchos espacios verdes al aire libre, piscina de lujo. Los apartamentos est\u00e1n equipados con una cocina abierta, integrada en la sala de estar y conectada a amplias terrazas con una hermosa vista sobre los jardines, el mar y las monta\u00f1as. Trabajamos con acabados de primera calidad y estas viviendas energ\u00e9ticamente eficientes son modernas y elegantes por su dise\u00f1o y hacen un gran uso de la luz natural. Las viviendas en Higueron cuentan todas con amplias terrazas con vistas abiertas y \u00e1ticos con sol\u00e1rium con vistas a los jardines, la monta\u00f1a y el mar. Todas las viviendas de Higueron Sur cuentan con plaza de garaje y trastero.<\/span><\/p>\n<p><span style=\"font-weight: 400;\">Este exclusivo proyecto consta de 5 fases que son espaciosas con muchas \u00e1reas verdes. Cada fase tiene su propio espacio de coworking, piscina de agua salada y gimnasio.\u00a0<\/span><\/p>\n<h2>Destacar Higueron Sur<\/h2>\n<ul>\n<li><span style=\"font-weight: 400;\">Elecci\u00f3n de apartamentos y \u00e1ticos de 2 y 3 dormitorios<\/span><\/li>\n<li><span style=\"font-weight: 400;\">300.000 m2 de terreno de los cuales +50.000m2 de jard\u00edn<\/span><\/li>\n<li><span style=\"font-weight: 400;\">Cocina abierta y sala de estar<\/span><\/li>\n<li><span style=\"font-weight: 400;\">Vistas panor\u00e1micas al mar y monta\u00f1a<\/span><\/li>\n<li><span style=\"font-weight: 400;\">Amplias terrazas con balaustrada de cristal<\/span><\/li>\n<li><span style=\"font-weight: 400;\">buen acabado<\/span><\/li>\n<li><span style=\"font-weight: 400;\">Ventanas altas para mucha luz.<\/span><\/li>\n<li><span style=\"font-weight: 400;\">Jardines comunitarios<\/span><\/li>\n<li><span style=\"font-weight: 400;\">piscina grande<\/span><\/li>\n<li><span style=\"font-weight: 400;\">A poca distancia de la casa club<\/span><\/li>\n<li><span style=\"font-weight: 400;\">Servicio de conserjer\u00eda, 9 restaurantes en el lugar, spa, club deportivo<\/span><\/li>\n<li><span style=\"font-weight: 400;\">Ubicaci\u00f3n A 20 minutos del aeropuerto de M\u00e1laga<\/span><\/li>\n<\/ul>\n<p>&nbsp;<\/p>\n<\/div>\n<div id=\"360tour\"><\/div>\n<p>&nbsp;<\/p>\n<p>&nbsp;<\/p>\n<h2>360\u00b0 \u2013 Tour Virtual Higuer\u00f3n Sur<\/h2>\n<ul>\n<li><a href=\"https:\/\/ajdestudio.com\/virtualtour\/southpenthouse\/\" target=\"_blank\" rel=\"noopener\"><strong>Tour Virtual PENTHOUSES SKY &gt;&gt;&gt;\u00a0<\/strong><\/a><\/li>\n<li><a href=\"https:\/\/ajdestudio.com\/virtualtour\/southskyvilla\/\" target=\"_blank\" rel=\"noopener\"><strong>VILLAS DEL CIELO &gt;&gt;&gt;<\/strong><\/a><\/li>\n<\/ul>\n<h2><\/h2>\n<p>&nbsp;<\/p>\n<div class=\"\">\n<h2>Precios Higueron Sur<\/h2>\n<ul>\n<li style=\"font-weight: 400;\" aria-level=\"1\"><span style=\"font-weight: 400;\">El <\/span><b>2 dormitorios<\/b><span style=\"font-weight: 400;\">, los apartamentos de 2 ba\u00f1os tienen 85 m2 construidos m\u00e1s una terraza de 44 m2. Precios a partir de <\/span><b>AGOTADO<\/b><\/li>\n<li style=\"font-weight: 400;\" aria-level=\"1\"><span style=\"font-weight: 400;\">El<\/span><b> 3 dormitorios<\/b><span style=\"font-weight: 400;\">, los apartamentos de 2 ba\u00f1os tienen 116 m2 construidos m\u00e1s una terraza de 30 m2. Precios a partir de <\/span><b>AGOTADO<\/b><\/li>\n<li style=\"font-weight: 400;\" aria-level=\"1\">El <strong>3 dormitorios<\/strong>, 2 ba\u00f1os <b>\u00e1ticos<\/b> son 130 m2 construidos m\u00e1s una terraza de 50 m2. Precios a partir de <b>\u20ac 1.290.000<\/b><\/li>\n<\/ul>\n<p><span style=\"font-weight: 400;\">Este exclusivo proyecto consta de 5 fases que son espaciosas con muchas \u00e1reas verdes. Cada fase tiene su propio espacio de coworking, piscina de agua salada y gimnasio.\u00a0<\/span><\/p>\n<p><span style=\"font-weight: 400;\">Para hacer una reserva se pagan 10.000 euros y el precontrato de 25% s\u00f3lo se firma cuando se ha obtenido la licencia de obras y el aval bancario.\u00a0<\/span><\/p>\n<p><span style=\"font-weight: 400;\">Luego, durante la construcci\u00f3n de aproximadamente 18 meses, otros 15% y solo a la entrega la cantidad restante de 60% del precio de compra.<\/span><\/p>\n<p>\u00bfTiene alguna pregunta espec\u00edfica o le gustar\u00eda concertar una cita? Llama a Ron de Vries al +34 677 67 04 80<\/p>\n<p><strong>Oferta total del Higuer\u00f3n<\/strong><\/p>\n<p>\u00bfQuieres una visi\u00f3n general de la oferta total de Higuer\u00f3n? Entonces visita el <a href=\"https:\/\/higueron-estates.com\/\"><strong>Sitio web de Higuer\u00f3n Estates &gt;<\/strong><\/a><\/p>\n<h4>Especificaciones<\/h4>\n<p>CIMENTACIONES Y ESTRUCTURA<br \/>\n\u2013 Cimentaci\u00f3n de losas de hormig\u00f3n armado y estructura de hormig\u00f3n armado en pilas y losas de wafer.<\/p>\n<p>CUBIERTAS<br \/>\n\u2013 Las superficies (cubiertas) no transitables se rematan con grava y los espacios exteriores (como terrazas) se rematan con baldosas de gres porcel\u00e1nico.<br \/>\n\u2013 Aislamiento e impermeabilizaci\u00f3n seg\u00fan normativa.<\/p>\n<p>PAREDES<br \/>\n\u2013 Los cerramientos exteriores ser\u00e1n de mamposter\u00eda de doble pared con aislamiento interior termoac\u00fastico de alta calidad y revestimiento exterior de mortero de cemento hidr\u00f3fugo con pintura especial para exterior y color seg\u00fan proyecto.<\/p>\n<p>CAMINOS<br \/>\n\u2013 Ladrillo cer\u00e1mico hueco doble, recibido con mortero de cemento.<br \/>\n\u2013 Acabado con yeso y pintura blanca mate.<\/p>\n<p>TERMINAR POR HABITACI\u00d3N<br \/>\nDormitorios:<br \/>\n\u2013 Solados de gres porcel\u00e1nico y rodapi\u00e9s del mismo material.<br \/>\n\u2013 Paredes y techos revestidos y enlucidos con pintura l\u00e1tex blanca mate.<br \/>\nBa\u00f1os:<br \/>\n\u2013 Suelos con baldosas de gres porcel\u00e1nico<br \/>\n\u2013 Paredes alicatadas con gres porcel\u00e1nico<br \/>\n\u2013 Techos con yeso liso.<br \/>\n\u2013 Instalaciones sanitarias Roca o equivalente, incluidos los sanitarios colgantes.<br \/>\n\u2013 Plato de ducha de resina.<br \/>\n\u2013 Grifos cromados.<br \/>\nSalas de estar:<br \/>\n\u2013 Solado con baldosas de gres porcel\u00e1nico y rodapi\u00e9s de gres porcel\u00e1nico<br \/>\n\u2013 Paredes y techos con molduras y enlucidos con pintura l\u00e1tex blanca mate<br \/>\nGradas:<br \/>\n\u2013 Solados con baldosas de gres porcel\u00e1nico y rodapi\u00e9s de gres porcel\u00e1nico<\/p>\n<p>REVESTIMIENTO DE MADERA<br \/>\n\u2013 La carpinter\u00eda exterior ser\u00e1 de perfiler\u00eda de aluminio con interrupci\u00f3n de puente t\u00e9rmico con vidrio laminado de seguridad y baja emisividad t\u00e9rmica.<br \/>\n\u2013 La carpinter\u00eda interior es de madera lacada en blanco y la puerta de acceso es de cerrojo.<br \/>\n\u2013 Los gabinetes est\u00e1n hechos con puertas corredizas de madera con tirador tipo u\u00f1ero y los interiores est\u00e1n acabados con textil canc\u00fan.<\/p>\n<p>INSTALACION DE AGUA FRIA Y CALIENTE<br \/>\n\u2013 Instalaci\u00f3n de agua fr\u00eda y caliente seg\u00fan la normativa vigente, con tuber\u00edas de la mejor calidad con v\u00e1lvulas de cierre parcial en cada cuarto h\u00famedo e individualizadas por aparato.<br \/>\n\u2013 Sistema de aerotermia para la producci\u00f3n de agua caliente.<\/p>\n<p>INSTALACI\u00d3N DE ELECTRICIDAD Y ALUMBRADO.<br \/>\n\u2013 Se instala electrificaci\u00f3n e iluminaci\u00f3n de alta calidad con empotrado.<br \/>\n\u2013 Iluminaci\u00f3n LED en ba\u00f1os, pasillos y cocina.<br \/>\n\u2013 Mecanismos Schneider (o similar)<\/p>\n<p>AIRE ACONDICIONADO<br \/>\n\u2013 sistema de aire acondicionado de alta calidad<\/p>\n<p>INSTALACI\u00d3N DE TELECOMUNICACIONES.<br \/>\n\u2013 Instalaci\u00f3n de telecomunicaciones seg\u00fan normativa vigente, incluyendo interfono a color y conexiones de TV e internet en sal\u00f3n y dormitorio principal.<\/p>\n<p>&nbsp;<\/p>\n<\/div>\n\n\t\t<\/div>\n\t<\/div>\n\n\t\t<\/div>\n\t<\/div>\n\t<\/div>\n\n<\/div>\n<\/div>\n\n<div  class=\"content_row row page-content vc_row wpb_row  default-style fullwidth\" style=\"background-color: #bbac8c;\">\n\t\n\t<div class=\"content_row_wrapper  default\" >\n\t<div id=\"asdasd\" class=\"vc_col-sm-12 wpb_column vc_column_container\" >\n\t<div class=\"vc_column-inner\">\n\t\t<div class=\"wpb_wrapper\" >\n\t\t\t<div class=\"rt_heading_wrapper no-style\">\n\t\t\t\t\t\t<h1 class=\"rt_heading  no-style\"  style=\"font-size:24px;margin-top:24px;margin-bottom:0px;\">Caracter\u00edsticas - <span class=\"after_h1 white\">Villas Campanario<\/span><\/h1> \n\t\t\t\t\t<\/div><div class=\"vc_empty_space\"   style=\"height: 32px\"><span class=\"vc_empty_space_inner\"><\/span><\/div><div class=\"vc_separator wpb_content_element vc_separator_align_center vc_sep_width_100 vc_sep_style-4 vc_sep_pos_align_center vc_separator_no_text vc_sep_color_grey\" ><span class=\"vc_sep_holder vc_sep_holder_l\"><span class=\"vc_sep_line\"><\/span><\/span><span class=\"vc_sep_holder vc_sep_holder_r\"><span class=\"vc_sep_line\"><\/span><\/span>\n<\/div>\n\t<div class=\"wpb_text_column wpb_content_element\" >\n\t\t<div class=\"wpb_wrapper\">\n\t\t\t\t \n\t\t<div  class=\"bullet-list style-1  check\">\n\t\t<ul>\n<li>lo mejor en lujo y arquitectura<\/li>\n<li>vista al mar y a poca distancia de la playa<\/li>\n<li>terminar al gusto<\/li>\n<li>comodidades inmejorables<\/li>\n<li>cada casa 2 estacionamientos<\/li>\n<li>precios desde 455.000\u20ac<\/li>\n<\/ul>\n\n\t\t<\/div>\n\t\n\n\t\t<\/div>\n\t<\/div>\n\n\t\t<\/div>\n\t<\/div>\n\t<\/div>\n\n<\/div>\n<\/div>\n\n<div  class=\"content_row row quote-row vc_row wpb_row  default-style fullwidth\" style=\"background-color: #fcfcfc;\">\n\t\n\t<div class=\"content_row_wrapper  fullwidth\" >\n\t<div id=\"asdasd\" class=\"vc_col-sm-12 wpb_column vc_column_container vc_custom_1644925648982\" >\n\t<div class=\"vc_column-inner\">\n\t\t<div class=\"wpb_wrapper\" >\n\t\t\t<div class=\"rt_heading_wrapper style-3\">\n\t\t\t\t\t\t<h4 class=\"rt_heading serif quote-max-width style-3\" >Paquete informativo Med Hills <a href=\"https:\/\/new.minisites.casadelmar.nl\/meer-informatie\/\"> Solicite el folleto y la lista de precios m\u00e1s reciente <\/a><\/h4> \n\t\t\t\t\t<\/div>\n\t\t<\/div>\n\t<\/div>\n\t<\/div>\n\n<\/div>\n<\/div>\n\n<div  class=\"content_row row vc_row wpb_row  default-style fullwidth\" >\n\t\n\t<div class=\"content_row_wrapper  default\" >\n\t<div id=\"asdasd\" class=\"vc_col-sm-12 wpb_column vc_column_container\" >\n\t<div class=\"vc_column-inner\">\n\t\t<div class=\"wpb_wrapper\" >\n\t\t\t<div class=\"button_wrapper aligncenter\"><a  href=\"\/es\/mas-informacion\/\" target=\"_self\" title=\"&gt; m\u00e1s informaci\u00f3n\" class=\"button_  style-2 small\">&gt; m\u00e1s informaci\u00f3n<\/a><\/div>\n\t<div class=\"wpb_video_widget wpb_content_element vc_clearfix   vc_video-aspect-ratio-235 vc_video-el-width-100 vc_video-align-center\" >\n\t\t<div class=\"wpb_wrapper\">\n\t\t\t\n\t\t\t<div class=\"wpb_video_wrapper\"><div class=\"video-container\"><iframe title=\"Campanario Villas - Estepona \/ Marbella - desde 990.000 \u20ac\" width=\"1060\" height=\"596\" src=\"https:\/\/www.youtube.com\/embed\/dtm6JU8cliQ?feature=oembed\" frameborder=\"0\" allow=\"accelerometer; autoplay; clipboard-write; encrypted-media; gyroscope; picture-in-picture; web-share\" referrerpolicy=\"strict-origin-when-cross-origin\" allowfullscreen><\/iframe><\/div><\/div>\n\t\t<\/div>\n\t<\/div>\n\n\t\t<\/div>\n\t<\/div>\n\t<\/div>\n\n<\/div>\n<\/div>\n<\/section>","protected":false},"excerpt":{"rendered":"<p>\u2026 <a class=\"more-link\" href=\"https:\/\/higueronsouth.com\/es\/el-complejo\/\">sigue leyendo<\/a><\/p>","protected":false},"author":1,"featured_media":4174,"parent":0,"menu_order":3,"comment_status":"closed","ping_status":"closed","template":"","meta":{"footnotes":""},"class_list":["post-95","page","type-page","status-publish","has-post-thumbnail","hentry"],"yoast_head":"<!-- This site is optimized with the Yoast SEO plugin v26.0 - https:\/\/yoast.com\/wordpress\/plugins\/seo\/ -->\n<title>Higuer\u00f3n South - Higuer\u00f3n South<\/title>\n<meta name=\"robots\" content=\"index, follow, max-snippet:-1, max-image-preview:large, max-video-preview:-1\" \/>\n<link rel=\"canonical\" href=\"https:\/\/higueronsouth.com\/es\/el-complejo\/\" \/>\n<meta property=\"og:locale\" content=\"es_ES\" \/>\n<meta property=\"og:type\" content=\"article\" \/>\n<meta property=\"og:title\" content=\"Higuer\u00f3n South - Higuer\u00f3n South\" \/>\n<meta property=\"og:url\" content=\"https:\/\/higueronsouth.com\/es\/el-complejo\/\" \/>\n<meta property=\"og:site_name\" content=\"Higuer\u00f3n South\" \/>\n<meta property=\"article:modified_time\" content=\"2024-02-01T12:07:57+00:00\" \/>\n<meta property=\"og:image\" content=\"https:\/\/higueronsouth.com\/wp-content\/uploads\/sites\/14\/2022\/10\/Higueron-South_front.jpg\" \/>\n\t<meta property=\"og:image:width\" content=\"1379\" \/>\n\t<meta property=\"og:image:height\" content=\"597\" \/>\n\t<meta property=\"og:image:type\" content=\"image\/jpeg\" \/>\n<meta name=\"twitter:card\" content=\"summary_large_image\" \/>\n<meta name=\"twitter:label1\" content=\"Tiempo de lectura\" \/>\n\t<meta name=\"twitter:data1\" content=\"6 minutos\" \/>\n<script type=\"application\/ld+json\" class=\"yoast-schema-graph\">{\"@context\":\"https:\/\/schema.org\",\"@graph\":[{\"@type\":\"WebPage\",\"@id\":\"https:\/\/higueronsouth.com\/het-complex\/\",\"url\":\"https:\/\/higueronsouth.com\/het-complex\/\",\"name\":\"Higuer\u00f3n South - Higuer\u00f3n South\",\"isPartOf\":{\"@id\":\"https:\/\/higueronsouth.com\/#website\"},\"primaryImageOfPage\":{\"@id\":\"https:\/\/higueronsouth.com\/het-complex\/#primaryimage\"},\"image\":{\"@id\":\"https:\/\/higueronsouth.com\/het-complex\/#primaryimage\"},\"thumbnailUrl\":\"https:\/\/higueronsouth.com\/wp-content\/uploads\/sites\/14\/2022\/10\/Higueron-South_front.jpg\",\"datePublished\":\"2022-01-27T10:58:29+00:00\",\"dateModified\":\"2024-02-01T12:07:57+00:00\",\"breadcrumb\":{\"@id\":\"https:\/\/higueronsouth.com\/het-complex\/#breadcrumb\"},\"inLanguage\":\"es\",\"potentialAction\":[{\"@type\":\"ReadAction\",\"target\":[\"https:\/\/higueronsouth.com\/het-complex\/\"]}]},{\"@type\":\"ImageObject\",\"inLanguage\":\"es\",\"@id\":\"https:\/\/higueronsouth.com\/het-complex\/#primaryimage\",\"url\":\"https:\/\/higueronsouth.com\/wp-content\/uploads\/sites\/14\/2022\/10\/Higueron-South_front.jpg\",\"contentUrl\":\"https:\/\/higueronsouth.com\/wp-content\/uploads\/sites\/14\/2022\/10\/Higueron-South_front.jpg\",\"width\":1379,\"height\":597},{\"@type\":\"BreadcrumbList\",\"@id\":\"https:\/\/higueronsouth.com\/het-complex\/#breadcrumb\",\"itemListElement\":[{\"@type\":\"ListItem\",\"position\":1,\"name\":\"Home\",\"item\":\"https:\/\/higueronsouth.com\/\"},{\"@type\":\"ListItem\",\"position\":2,\"name\":\"Higuer\u00f3n South\"}]},{\"@type\":\"WebSite\",\"@id\":\"https:\/\/higueronsouth.com\/#website\",\"url\":\"https:\/\/higueronsouth.com\/\",\"name\":\"Higuer\u00f3n South\",\"description\":\"\",\"potentialAction\":[{\"@type\":\"SearchAction\",\"target\":{\"@type\":\"EntryPoint\",\"urlTemplate\":\"https:\/\/higueronsouth.com\/?s={search_term_string}\"},\"query-input\":{\"@type\":\"PropertyValueSpecification\",\"valueRequired\":true,\"valueName\":\"search_term_string\"}}],\"inLanguage\":\"es\"}]}<\/script>\n<!-- \/ Yoast SEO plugin. -->","yoast_head_json":{"title":"Higuer\u00f3n Sur - Higuer\u00f3n Sur","robots":{"index":"index","follow":"follow","max-snippet":"max-snippet:-1","max-image-preview":"max-image-preview:large","max-video-preview":"max-video-preview:-1"},"canonical":"https:\/\/higueronsouth.com\/es\/el-complejo\/","og_locale":"es_ES","og_type":"article","og_title":"Higuer\u00f3n South - Higuer\u00f3n South","og_url":"https:\/\/higueronsouth.com\/es\/el-complejo\/","og_site_name":"Higuer\u00f3n South","article_modified_time":"2024-02-01T12:07:57+00:00","og_image":[{"width":1379,"height":597,"url":"https:\/\/higueronsouth.com\/wp-content\/uploads\/sites\/14\/2022\/10\/Higueron-South_front.jpg","type":"image\/jpeg"}],"twitter_card":"summary_large_image","twitter_misc":{"Tiempo de lectura":"6 minutos"},"schema":{"@context":"https:\/\/schema.org","@graph":[{"@type":"WebPage","@id":"https:\/\/higueronsouth.com\/het-complex\/","url":"https:\/\/higueronsouth.com\/het-complex\/","name":"Higuer\u00f3n Sur - Higuer\u00f3n Sur","isPartOf":{"@id":"https:\/\/higueronsouth.com\/#website"},"primaryImageOfPage":{"@id":"https:\/\/higueronsouth.com\/het-complex\/#primaryimage"},"image":{"@id":"https:\/\/higueronsouth.com\/het-complex\/#primaryimage"},"thumbnailUrl":"https:\/\/higueronsouth.com\/wp-content\/uploads\/sites\/14\/2022\/10\/Higueron-South_front.jpg","datePublished":"2022-01-27T10:58:29+00:00","dateModified":"2024-02-01T12:07:57+00:00","breadcrumb":{"@id":"https:\/\/higueronsouth.com\/het-complex\/#breadcrumb"},"inLanguage":"es","potentialAction":[{"@type":"ReadAction","target":["https:\/\/higueronsouth.com\/het-complex\/"]}]},{"@type":"ImageObject","inLanguage":"es","@id":"https:\/\/higueronsouth.com\/het-complex\/#primaryimage","url":"https:\/\/higueronsouth.com\/wp-content\/uploads\/sites\/14\/2022\/10\/Higueron-South_front.jpg","contentUrl":"https:\/\/higueronsouth.com\/wp-content\/uploads\/sites\/14\/2022\/10\/Higueron-South_front.jpg","width":1379,"height":597},{"@type":"BreadcrumbList","@id":"https:\/\/higueronsouth.com\/het-complex\/#breadcrumb","itemListElement":[{"@type":"ListItem","position":1,"name":"Home","item":"https:\/\/higueronsouth.com\/"},{"@type":"ListItem","position":2,"name":"Higuer\u00f3n South"}]},{"@type":"WebSite","@id":"https:\/\/higueronsouth.com\/#website","url":"https:\/\/higueronsouth.com\/","name":"Higuer\u00f3n Sur","description":"","potentialAction":[{"@type":"SearchAction","target":{"@type":"EntryPoint","urlTemplate":"https:\/\/higueronsouth.com\/?s={search_term_string}"},"query-input":{"@type":"PropertyValueSpecification","valueRequired":true,"valueName":"search_term_string"}}],"inLanguage":"es"}]}},"_links":{"self":[{"href":"https:\/\/higueronsouth.com\/es\/wp-json\/wp\/v2\/pages\/95","targetHints":{"allow":["GET"]}}],"collection":[{"href":"https:\/\/higueronsouth.com\/es\/wp-json\/wp\/v2\/pages"}],"about":[{"href":"https:\/\/higueronsouth.com\/es\/wp-json\/wp\/v2\/types\/page"}],"author":[{"embeddable":true,"href":"https:\/\/higueronsouth.com\/es\/wp-json\/wp\/v2\/users\/1"}],"replies":[{"embeddable":true,"href":"https:\/\/higueronsouth.com\/es\/wp-json\/wp\/v2\/comments?post=95"}],"version-history":[{"count":52,"href":"https:\/\/higueronsouth.com\/es\/wp-json\/wp\/v2\/pages\/95\/revisions"}],"predecessor-version":[{"id":4270,"href":"https:\/\/higueronsouth.com\/es\/wp-json\/wp\/v2\/pages\/95\/revisions\/4270"}],"wp:featuredmedia":[{"embeddable":true,"href":"https:\/\/higueronsouth.com\/es\/wp-json\/wp\/v2\/media\/4174"}],"wp:attachment":[{"href":"https:\/\/higueronsouth.com\/es\/wp-json\/wp\/v2\/media?parent=95"}],"curies":[{"name":"wp","href":"https:\/\/api.w.org\/{rel}","templated":true}]}}