{"id":95,"date":"2022-01-27T10:58:29","date_gmt":"2022-01-27T10:58:29","guid":{"rendered":"http:\/\/cognito.mprinsdesign.nl\/?page_id=95"},"modified":"2024-02-01T12:07:57","modified_gmt":"2024-02-01T12:07:57","slug":"der-komplex","status":"publish","type":"page","link":"https:\/\/higueronsouth.com\/de\/der-komplex\/","title":{"rendered":"Higueron S\u00fcd"},"content":{"rendered":"<section class=\"wpb-content-wrapper\"><div  class=\"content_row row page-content vc_row wpb_row  default-style fullwidth\" >\n\t\n\t<div class=\"content_row_wrapper  default\" >\n\t<div id=\"asdasd\" class=\"vc_col-sm-12 wpb_column vc_column_container\" >\n\t<div class=\"vc_column-inner\">\n\t\t<div class=\"wpb_wrapper\" >\n\t\t\t<div class=\"rt_heading_wrapper no-style\">\n\t\t\t\t\t\t<h1 class=\"rt_heading  no-style\"  style=\"font-size:24px;margin-top:24px;margin-bottom:0px;\">Higueron S\u00fcd- <span class=\"after_h1\">der Gipfel von Luxus und Architektur<\/span><\/h1> \n\t\t\t\t\t<\/div><div class=\"vc_empty_space\"   style=\"height: 32px\"><span class=\"vc_empty_space_inner\"><\/span><\/div><div class=\"vc_separator wpb_content_element vc_separator_align_center vc_sep_width_100 vc_sep_style-4 vc_sep_pos_align_center vc_separator_no_text vc_sep_color_grey\" ><span class=\"vc_sep_holder vc_sep_holder_l\"><span class=\"vc_sep_line\"><\/span><\/span><span class=\"vc_sep_holder vc_sep_holder_r\"><span class=\"vc_sep_line\"><\/span><\/span>\n<\/div><div class=\"vc_empty_space\"   style=\"height: 32px\"><span class=\"vc_empty_space_inner\"><\/span><\/div>\n\t<div class=\"wpb_text_column wpb_content_element\" >\n\t\t<div class=\"wpb_wrapper\">\n\t\t\t<div class=\"\">\n<p><span style=\"font-weight: 400;\">Kaufen Sie eine neue Wohnung in idealer Lage in Fuengirola? Das neue Bauprojekt <em><strong>Higueron S\u00fcd<\/strong><\/em> am Berghang von Fuengirola bietet viele M\u00f6glichkeiten. Moderne Apartments und Penth\u00e4user inmitten wundersch\u00f6ner Gartenanlagen. Aber es gibt noch mehr, viel mehr. Die unmittelbare Umgebung des Projekts bietet wirklich alles: von Wellness, Spa, Fitnessstudio, Padel-Tennis, Restaurants und Caf\u00e9s vor Ort, Concierge, Babysitting, Elektrofahrradverleih und ja, sogar Hundebetreuung!\u00a0<\/span><\/p>\n<p><span style=\"font-weight: 400;\">Es gibt nur wenige Projekte, bei denen alle diese Dienste angeboten werden. Higueron South ist nicht nur Wohnen, sondern ein komplettes Lifestyle-Konzept.<\/span><\/p>\n<p><span style=\"font-weight: 400;\">Dar\u00fcber hinaus bietet Higueron South eine Auswahl an zahlreichen Apartments und Penth\u00e4usern, die nach h\u00f6chsten Standards gebaut wurden und sich perfekt als Ferienhaus oder Dauerwohnsitz mit vielen gr\u00fcnen Au\u00dfenbereichen und einem luxuri\u00f6sen Swimmingpool eignen. Die Wohnungen sind mit einer offenen K\u00fcche ausgestattet, die in das Wohnzimmer integriert ist und an gro\u00dfz\u00fcgige Terrassen mit wundersch\u00f6nem Blick \u00fcber die angelegten G\u00e4rten, das Meer und die Berge angeschlossen ist. Wir arbeiten mit einer erstklassigen Verarbeitung und diese energieeffizienten H\u00e4user sind aufgrund ihres Designs sowohl modern als auch elegant und nutzen viel nat\u00fcrliches Licht. Die Immobilien in Higueron verf\u00fcgen alle \u00fcber gro\u00dfe Terrassen mit freiem Blick und Penth\u00e4user mit Solarien mit Blick auf die G\u00e4rten, die Berge und das Meer. Alle H\u00e4user von Higueron South verf\u00fcgen \u00fcber eine Garage und einen Abstellraum.<\/span><\/p>\n<p><span style=\"font-weight: 400;\">Dieses exklusive Projekt besteht aus 5 gro\u00dfz\u00fcgigen Phasen mit vielen Gr\u00fcnfl\u00e4chen. Jede Phase verf\u00fcgt \u00fcber einen eigenen Co-Working-Bereich, einen Salzwasserpool und ein Fitnessstudio.\u00a0<\/span><\/p>\n<h2>Markieren Sie Higueron S\u00fcd<\/h2>\n<ul>\n<li><span style=\"font-weight: 400;\">Auswahl an Apartments und Penth\u00e4usern mit 2 oder 3 Schlafzimmern<\/span><\/li>\n<li><span style=\"font-weight: 400;\">300.000 m2 Grundst\u00fcck, davon +50.000 m2 Garten<\/span><\/li>\n<li><span style=\"font-weight: 400;\">Offene K\u00fcche und Wohnbereich<\/span><\/li>\n<li><span style=\"font-weight: 400;\">Panoramablick auf das Meer und die Berge<\/span><\/li>\n<li><span style=\"font-weight: 400;\">Gro\u00dfz\u00fcgige Terrassen mit Glasbalustrade<\/span><\/li>\n<li><span style=\"font-weight: 400;\">Sch\u00f6ner Abschluss<\/span><\/li>\n<li><span style=\"font-weight: 400;\">Hohe Fenster f\u00fcr viel Licht<\/span><\/li>\n<li><span style=\"font-weight: 400;\">Gemeinschaftsg\u00e4rten<\/span><\/li>\n<li><span style=\"font-weight: 400;\">Gro\u00dfer Swimmingpool<\/span><\/li>\n<li><span style=\"font-weight: 400;\">Nur wenige Gehminuten vom Clubhaus entfernt<\/span><\/li>\n<li><span style=\"font-weight: 400;\">Concierge-Service, 9 Restaurants vor Ort, Spa, Sportclub<\/span><\/li>\n<li><span style=\"font-weight: 400;\">Lage 20 Minuten vom Flughafen M\u00e1laga entfernt<\/span><\/li>\n<\/ul>\n<p>&nbsp;<\/p>\n<\/div>\n<div id=\"360tour\"><\/div>\n<p>&nbsp;<\/p>\n<p>&nbsp;<\/p>\n<h2>360\u00b0 \u2013 Virtuelle Tour Higuer\u00f3n S\u00fcd<\/h2>\n<ul>\n<li><a href=\"https:\/\/ajdestudio.com\/virtualtour\/southpenthouse\/\" target=\"_blank\" rel=\"noopener\"><strong>Virtuelle Tour SKY PENTHOUSES &gt;&gt;&gt;\u00a0<\/strong><\/a><\/li>\n<li><a href=\"https:\/\/ajdestudio.com\/virtualtour\/southskyvilla\/\" target=\"_blank\" rel=\"noopener\"><strong>HIMMELVILLEN &gt;&gt;&gt;<\/strong><\/a><\/li>\n<\/ul>\n<h2><\/h2>\n<p>&nbsp;<\/p>\n<div class=\"\">\n<h2>Preise Higueron S\u00fcd<\/h2>\n<ul>\n<li style=\"font-weight: 400;\" aria-level=\"1\"><span style=\"font-weight: 400;\">Der <\/span><b>2 Schlafzimmer<\/b><span style=\"font-weight: 400;\">Die Wohnungen mit 2 Badezimmern sind 85 m2 gro\u00df und verf\u00fcgen \u00fcber eine Terrasse von 44 m2. Preise ab <\/span><b>AUSVERKAUFT<\/b><\/li>\n<li style=\"font-weight: 400;\" aria-level=\"1\"><span style=\"font-weight: 400;\">Der<\/span><b> 3 Schlafzimmer<\/b><span style=\"font-weight: 400;\">Die Wohnungen mit 2 B\u00e4dern sind 116 m2 gro\u00df und verf\u00fcgen \u00fcber eine Terrasse von 30 m2. Preise ab <\/span><b>AUSVERKAUFT<\/b><\/li>\n<li style=\"font-weight: 400;\" aria-level=\"1\">Der <strong>3 Schlafzimmer<\/strong>, 2 Badezimmer <b>Penth\u00e4user<\/b> sind 130 m2 bebaut plus eine Terrasse von 50 m2. Preise ab <b>\u20ac 1.290.000<\/b><\/li>\n<\/ul>\n<p><span style=\"font-weight: 400;\">Dieses exklusive Projekt besteht aus 5 gro\u00dfz\u00fcgigen Phasen mit vielen Gr\u00fcnfl\u00e4chen. Jede Phase verf\u00fcgt \u00fcber einen eigenen Co-Working-Bereich, einen Salzwasserpool und ein Fitnessstudio.\u00a0<\/span><\/p>\n<p><span style=\"font-weight: 400;\">F\u00fcr die Reservierung zahlen Sie 10.000 Euro und der Vorvertrag von 25% wird erst unterzeichnet, wenn die Baugenehmigung und die Bankgarantie vorliegen.\u00a0<\/span><\/p>\n<p><span style=\"font-weight: 400;\">Dann w\u00e4hrend der Bauzeit von ca. 18 Monaten weitere 15% und erst bei Lieferung der Restbetrag von 60% des Kaufpreises.<\/span><\/p>\n<p>Sie haben eine konkrete Frage oder m\u00f6chten einen Termin vereinbaren? Rufen Sie Ron de Vries unter +34 677 67 04 80 an<\/p>\n<p><strong>Gesamtangebot von Higueron<\/strong><\/p>\n<p>M\u00f6chten Sie einen \u00dcberblick \u00fcber das Gesamtangebot von Higuer\u00f3n erhalten? Dann besuchen Sie die <a href=\"https:\/\/higueron-estates.com\/\"><strong>Website von Higueron Estates &gt;<\/strong><\/a><\/p>\n<h4>Spezifikationen<\/h4>\n<p>GRUNDLAGEN UND STRUKTUR<br \/>\n\u2013 Stahlbetonplattenfundamente und Stahlbetonkonstruktionen in Pfeilern und Waferplatten.<\/p>\n<p>D\u00c4CHER<br \/>\n\u2013 Nicht begehbare Fl\u00e4chen (D\u00e4cher) werden mit Kies und Au\u00dfenbereiche (z. B. Terrassen) mit Feinsteinzeugfliesen versehen.<br \/>\n\u2013 Isolierung und Abdichtung gem\u00e4\u00df den Vorschriften.<\/p>\n<p>W\u00c4NDE<br \/>\n\u2013 Die Au\u00dfenw\u00e4nde bestehen aus doppelwandigem Mauerwerk mit hochwertiger thermoakustischer Innend\u00e4mmung und einer Au\u00dfenverkleidung aus wasserabweisendem Zementm\u00f6rtel mit einem speziellen Anstrich f\u00fcr die Au\u00dfenseite und Farbe je nach Projekt.<\/p>\n<p>WEGE<br \/>\n\u2013 Doppelhohlkeramikziegel, aufgenommen mit Zementm\u00f6rtel.<br \/>\n\u2013 Fertiggestellt mit Gips und mattwei\u00dfer Farbe.<\/p>\n<p>ENDE NACH ZIMMER<br \/>\nSchlafzimmer:<br \/>\n\u2013 B\u00f6den mit Feinsteinzeug und Sockelleisten aus dem gleichen Material.<br \/>\n\u2013 W\u00e4nde und Decken verputzt und mit mattwei\u00dfer Latexfarbe verputzt.<br \/>\nBadezimmer:<br \/>\n\u2013 B\u00f6den mit Feinsteinzeugfliesen<br \/>\n\u2013 W\u00e4nde mit Fliesen aus Feinsteinzeug<br \/>\n\u2013 Decken mit Glattputz.<br \/>\n\u2013 Roca-Sanit\u00e4ranlagen oder gleichwertige Einrichtungen, einschlie\u00dflich H\u00e4ngetoiletten.<br \/>\n\u2013 Duschwanne aus Kunstharz.<br \/>\n\u2013 Verchromte Wasserh\u00e4hne.<br \/>\nWohnbereiche:<br \/>\n\u2013 Bodenbelag mit Feinsteinzeugfliesen und Feinsteinzeug-Sockelleisten<br \/>\n\u2013 W\u00e4nde und Decken mit Verkleidung und Verputz mit mattwei\u00dfer Latexfarbe<br \/>\nTerrassen:<br \/>\n\u2013 B\u00f6den mit Feinsteinzeugfliesen und Feinsteinzeug-Sockelleisten<\/p>\n<p>VERKLEIDUNG<br \/>\n\u2013 Die Au\u00dfenverkleidung besteht aus Aluminiumprofilen mit W\u00e4rmebr\u00fcckenunterbrechung durch Verbundsicherheitsglas und geringem thermischen Emissionsgrad.<br \/>\n\u2013 Die Innenausstattung besteht aus wei\u00df lackiertem Holz und die Zugangst\u00fcr ist gesichert.<br \/>\n\u2013 Die Schr\u00e4nke sind mit Schiebet\u00fcren aus Holz mit Griffen vom Typ U\u00f1ero gefertigt und die Innenr\u00e4ume sind mit Cancun-Textilien veredelt.<\/p>\n<p>INSTALLATION VON KALT- UND WARMWASSER<br \/>\n\u2013 Installation von Warm- und Kaltwasser gem\u00e4\u00df den geltenden Vorschriften, mit Leitungen bester Qualit\u00e4t mit teilweisen Absperrventilen in jedem Nassraum und individuell f\u00fcr jedes Ger\u00e4t.<br \/>\n\u2013 Aerothermisches System zur Warmwasserbereitung.<\/p>\n<p>INSTALLATION VON ELEKTRIZIT\u00c4T UND BELEUCHTUNG.<br \/>\n\u2013 Hochwertige Elektrifizierung und Beleuchtung ist eingebaut.<br \/>\n\u2013 LED-Beleuchtung in Badezimmern, Fluren und K\u00fcche.<br \/>\n\u2013 Mechanismen Schneider (o.\u00e4.)<\/p>\n<p>KLIMAANLAGE<br \/>\n\u2013 hochwertige Klimaanlage<\/p>\n<p>TELEKOMMUNIKATIONSINSTALLATION.<br \/>\n\u2013 Telekommunikationsinstallation gem\u00e4\u00df den geltenden Vorschriften, einschlie\u00dflich Farb-Gegensprechanlage sowie TV- und Internetanschl\u00fcssen im Wohnzimmer und im Hauptschlafzimmer.<\/p>\n<p>&nbsp;<\/p>\n<\/div>\n\n\t\t<\/div>\n\t<\/div>\n\n\t\t<\/div>\n\t<\/div>\n\t<\/div>\n\n<\/div>\n<\/div>\n\n<div  class=\"content_row row page-content vc_row wpb_row  default-style fullwidth\" style=\"background-color: #bbac8c;\">\n\t\n\t<div class=\"content_row_wrapper  default\" >\n\t<div id=\"asdasd\" class=\"vc_col-sm-12 wpb_column vc_column_container\" >\n\t<div class=\"vc_column-inner\">\n\t\t<div class=\"wpb_wrapper\" >\n\t\t\t<div class=\"rt_heading_wrapper no-style\">\n\t\t\t\t\t\t<h1 class=\"rt_heading  no-style\"  style=\"font-size:24px;margin-top:24px;margin-bottom:0px;\">Merkmale - <span class=\"after_h1 white\">Campanario-Villen<\/span><\/h1> \n\t\t\t\t\t<\/div><div class=\"vc_empty_space\"   style=\"height: 32px\"><span class=\"vc_empty_space_inner\"><\/span><\/div><div class=\"vc_separator wpb_content_element vc_separator_align_center vc_sep_width_100 vc_sep_style-4 vc_sep_pos_align_center vc_separator_no_text vc_sep_color_grey\" ><span class=\"vc_sep_holder vc_sep_holder_l\"><span class=\"vc_sep_line\"><\/span><\/span><span class=\"vc_sep_holder vc_sep_holder_r\"><span class=\"vc_sep_line\"><\/span><\/span>\n<\/div>\n\t<div class=\"wpb_text_column wpb_content_element\" >\n\t\t<div class=\"wpb_wrapper\">\n\t\t\t\t \n\t\t<div  class=\"bullet-list style-1  check\">\n\t\t<ul>\n<li>das Beste an Luxus und Architektur<\/li>\n<li>Meerblick und fu\u00dfl\u00e4ufig zum Strand<\/li>\n<li>Abschmecken<\/li>\n<li>unschlagbare Annehmlichkeiten<\/li>\n<li>jedes Haus 2 Parkpl\u00e4tze<\/li>\n<li>Preise ab 455.000 \u20ac<\/li>\n<\/ul>\n\n\t\t<\/div>\n\t\n\n\t\t<\/div>\n\t<\/div>\n\n\t\t<\/div>\n\t<\/div>\n\t<\/div>\n\n<\/div>\n<\/div>\n\n<div  class=\"content_row row quote-row vc_row wpb_row  default-style fullwidth\" style=\"background-color: #fcfcfc;\">\n\t\n\t<div class=\"content_row_wrapper  fullwidth\" >\n\t<div id=\"asdasd\" class=\"vc_col-sm-12 wpb_column vc_column_container vc_custom_1644925648982\" >\n\t<div class=\"vc_column-inner\">\n\t\t<div class=\"wpb_wrapper\" >\n\t\t\t<div class=\"rt_heading_wrapper style-3\">\n\t\t\t\t\t\t<h4 class=\"rt_heading serif quote-max-width style-3\" >Informationspaket Med Hills <a href=\"https:\/\/new.minisites.casadelmar.nl\/meer-informatie\/\"> Fordern Sie Prospekt und aktuelle Preisliste an <\/a><\/h4> \n\t\t\t\t\t<\/div>\n\t\t<\/div>\n\t<\/div>\n\t<\/div>\n\n<\/div>\n<\/div>\n\n<div  class=\"content_row row vc_row wpb_row  default-style fullwidth\" >\n\t\n\t<div class=\"content_row_wrapper  default\" >\n\t<div id=\"asdasd\" class=\"vc_col-sm-12 wpb_column vc_column_container\" >\n\t<div class=\"vc_column-inner\">\n\t\t<div class=\"wpb_wrapper\" >\n\t\t\t<div class=\"button_wrapper aligncenter\"><a  href=\"\/de\/mehr-informationen\/\" target=\"_self\" title=\"&gt; mehr Infos\" class=\"button_  style-2 small\">&gt; mehr Infos<\/a><\/div>\n\t<div class=\"wpb_video_widget wpb_content_element vc_clearfix   vc_video-aspect-ratio-235 vc_video-el-width-100 vc_video-align-center\" >\n\t\t<div class=\"wpb_wrapper\">\n\t\t\t\n\t\t\t<div class=\"wpb_video_wrapper\"><div class=\"video-container\"><iframe title=\"Campanario Villas \u2013 Estepona \/ Marbella \u2013 ab 990.000 \u20ac\" width=\"1060\" height=\"596\" src=\"https:\/\/www.youtube.com\/embed\/dtm6JU8cliQ?feature=oembed\" frameborder=\"0\" allow=\"accelerometer; autoplay; clipboard-write; encrypted-media; gyroscope; picture-in-picture; web-share\" referrerpolicy=\"strict-origin-when-cross-origin\" allowfullscreen><\/iframe><\/div><\/div>\n\t\t<\/div>\n\t<\/div>\n\n\t\t<\/div>\n\t<\/div>\n\t<\/div>\n\n<\/div>\n<\/div>\n<\/section>","protected":false},"excerpt":{"rendered":"<p>\u2026 <a class=\"more-link\" href=\"https:\/\/higueronsouth.com\/de\/der-komplex\/\">Weiterlesen<\/a><\/p>","protected":false},"author":1,"featured_media":4174,"parent":0,"menu_order":3,"comment_status":"closed","ping_status":"closed","template":"","meta":{"footnotes":""},"class_list":["post-95","page","type-page","status-publish","has-post-thumbnail","hentry"],"yoast_head":"<!-- This site is optimized with the Yoast SEO plugin v26.0 - https:\/\/yoast.com\/wordpress\/plugins\/seo\/ -->\n<title>Higuer\u00f3n South - Higuer\u00f3n South<\/title>\n<meta name=\"robots\" content=\"index, follow, max-snippet:-1, max-image-preview:large, max-video-preview:-1\" \/>\n<link rel=\"canonical\" href=\"https:\/\/higueronsouth.com\/de\/der-komplex\/\" \/>\n<meta property=\"og:locale\" content=\"de_DE\" \/>\n<meta property=\"og:type\" content=\"article\" \/>\n<meta property=\"og:title\" content=\"Higuer\u00f3n South - Higuer\u00f3n South\" \/>\n<meta property=\"og:url\" content=\"https:\/\/higueronsouth.com\/de\/der-komplex\/\" \/>\n<meta property=\"og:site_name\" content=\"Higuer\u00f3n South\" \/>\n<meta property=\"article:modified_time\" content=\"2024-02-01T12:07:57+00:00\" \/>\n<meta property=\"og:image\" content=\"https:\/\/higueronsouth.com\/wp-content\/uploads\/sites\/14\/2022\/10\/Higueron-South_front.jpg\" \/>\n\t<meta property=\"og:image:width\" content=\"1379\" \/>\n\t<meta property=\"og:image:height\" content=\"597\" \/>\n\t<meta property=\"og:image:type\" content=\"image\/jpeg\" \/>\n<meta name=\"twitter:card\" content=\"summary_large_image\" \/>\n<meta name=\"twitter:label1\" content=\"Gesch\u00e4tzte Lesezeit\" \/>\n\t<meta name=\"twitter:data1\" content=\"6\u00a0Minuten\" \/>\n<script type=\"application\/ld+json\" class=\"yoast-schema-graph\">{\"@context\":\"https:\/\/schema.org\",\"@graph\":[{\"@type\":\"WebPage\",\"@id\":\"https:\/\/higueronsouth.com\/het-complex\/\",\"url\":\"https:\/\/higueronsouth.com\/het-complex\/\",\"name\":\"Higuer\u00f3n South - Higuer\u00f3n South\",\"isPartOf\":{\"@id\":\"https:\/\/higueronsouth.com\/#website\"},\"primaryImageOfPage\":{\"@id\":\"https:\/\/higueronsouth.com\/het-complex\/#primaryimage\"},\"image\":{\"@id\":\"https:\/\/higueronsouth.com\/het-complex\/#primaryimage\"},\"thumbnailUrl\":\"https:\/\/higueronsouth.com\/wp-content\/uploads\/sites\/14\/2022\/10\/Higueron-South_front.jpg\",\"datePublished\":\"2022-01-27T10:58:29+00:00\",\"dateModified\":\"2024-02-01T12:07:57+00:00\",\"breadcrumb\":{\"@id\":\"https:\/\/higueronsouth.com\/het-complex\/#breadcrumb\"},\"inLanguage\":\"de\",\"potentialAction\":[{\"@type\":\"ReadAction\",\"target\":[\"https:\/\/higueronsouth.com\/het-complex\/\"]}]},{\"@type\":\"ImageObject\",\"inLanguage\":\"de\",\"@id\":\"https:\/\/higueronsouth.com\/het-complex\/#primaryimage\",\"url\":\"https:\/\/higueronsouth.com\/wp-content\/uploads\/sites\/14\/2022\/10\/Higueron-South_front.jpg\",\"contentUrl\":\"https:\/\/higueronsouth.com\/wp-content\/uploads\/sites\/14\/2022\/10\/Higueron-South_front.jpg\",\"width\":1379,\"height\":597},{\"@type\":\"BreadcrumbList\",\"@id\":\"https:\/\/higueronsouth.com\/het-complex\/#breadcrumb\",\"itemListElement\":[{\"@type\":\"ListItem\",\"position\":1,\"name\":\"Home\",\"item\":\"https:\/\/higueronsouth.com\/\"},{\"@type\":\"ListItem\",\"position\":2,\"name\":\"Higuer\u00f3n South\"}]},{\"@type\":\"WebSite\",\"@id\":\"https:\/\/higueronsouth.com\/#website\",\"url\":\"https:\/\/higueronsouth.com\/\",\"name\":\"Higuer\u00f3n South\",\"description\":\"\",\"potentialAction\":[{\"@type\":\"SearchAction\",\"target\":{\"@type\":\"EntryPoint\",\"urlTemplate\":\"https:\/\/higueronsouth.com\/?s={search_term_string}\"},\"query-input\":{\"@type\":\"PropertyValueSpecification\",\"valueRequired\":true,\"valueName\":\"search_term_string\"}}],\"inLanguage\":\"de\"}]}<\/script>\n<!-- \/ Yoast SEO plugin. -->","yoast_head_json":{"title":"Higueron S\u00fcd - Higueron S\u00fcd","robots":{"index":"index","follow":"follow","max-snippet":"max-snippet:-1","max-image-preview":"max-image-preview:large","max-video-preview":"max-video-preview:-1"},"canonical":"https:\/\/higueronsouth.com\/de\/der-komplex\/","og_locale":"de_DE","og_type":"article","og_title":"Higuer\u00f3n South - Higuer\u00f3n South","og_url":"https:\/\/higueronsouth.com\/de\/der-komplex\/","og_site_name":"Higuer\u00f3n South","article_modified_time":"2024-02-01T12:07:57+00:00","og_image":[{"width":1379,"height":597,"url":"https:\/\/higueronsouth.com\/wp-content\/uploads\/sites\/14\/2022\/10\/Higueron-South_front.jpg","type":"image\/jpeg"}],"twitter_card":"summary_large_image","twitter_misc":{"Gesch\u00e4tzte Lesezeit":"6\u00a0Minuten"},"schema":{"@context":"https:\/\/schema.org","@graph":[{"@type":"WebPage","@id":"https:\/\/higueronsouth.com\/het-complex\/","url":"https:\/\/higueronsouth.com\/het-complex\/","name":"Higueron S\u00fcd - Higueron S\u00fcd","isPartOf":{"@id":"https:\/\/higueronsouth.com\/#website"},"primaryImageOfPage":{"@id":"https:\/\/higueronsouth.com\/het-complex\/#primaryimage"},"image":{"@id":"https:\/\/higueronsouth.com\/het-complex\/#primaryimage"},"thumbnailUrl":"https:\/\/higueronsouth.com\/wp-content\/uploads\/sites\/14\/2022\/10\/Higueron-South_front.jpg","datePublished":"2022-01-27T10:58:29+00:00","dateModified":"2024-02-01T12:07:57+00:00","breadcrumb":{"@id":"https:\/\/higueronsouth.com\/het-complex\/#breadcrumb"},"inLanguage":"de","potentialAction":[{"@type":"ReadAction","target":["https:\/\/higueronsouth.com\/het-complex\/"]}]},{"@type":"ImageObject","inLanguage":"de","@id":"https:\/\/higueronsouth.com\/het-complex\/#primaryimage","url":"https:\/\/higueronsouth.com\/wp-content\/uploads\/sites\/14\/2022\/10\/Higueron-South_front.jpg","contentUrl":"https:\/\/higueronsouth.com\/wp-content\/uploads\/sites\/14\/2022\/10\/Higueron-South_front.jpg","width":1379,"height":597},{"@type":"BreadcrumbList","@id":"https:\/\/higueronsouth.com\/het-complex\/#breadcrumb","itemListElement":[{"@type":"ListItem","position":1,"name":"Home","item":"https:\/\/higueronsouth.com\/"},{"@type":"ListItem","position":2,"name":"Higuer\u00f3n South"}]},{"@type":"WebSite","@id":"https:\/\/higueronsouth.com\/#website","url":"https:\/\/higueronsouth.com\/","name":"Higueron S\u00fcd","description":"","potentialAction":[{"@type":"SearchAction","target":{"@type":"EntryPoint","urlTemplate":"https:\/\/higueronsouth.com\/?s={search_term_string}"},"query-input":{"@type":"PropertyValueSpecification","valueRequired":true,"valueName":"search_term_string"}}],"inLanguage":"de"}]}},"_links":{"self":[{"href":"https:\/\/higueronsouth.com\/de\/wp-json\/wp\/v2\/pages\/95","targetHints":{"allow":["GET"]}}],"collection":[{"href":"https:\/\/higueronsouth.com\/de\/wp-json\/wp\/v2\/pages"}],"about":[{"href":"https:\/\/higueronsouth.com\/de\/wp-json\/wp\/v2\/types\/page"}],"author":[{"embeddable":true,"href":"https:\/\/higueronsouth.com\/de\/wp-json\/wp\/v2\/users\/1"}],"replies":[{"embeddable":true,"href":"https:\/\/higueronsouth.com\/de\/wp-json\/wp\/v2\/comments?post=95"}],"version-history":[{"count":52,"href":"https:\/\/higueronsouth.com\/de\/wp-json\/wp\/v2\/pages\/95\/revisions"}],"predecessor-version":[{"id":4270,"href":"https:\/\/higueronsouth.com\/de\/wp-json\/wp\/v2\/pages\/95\/revisions\/4270"}],"wp:featuredmedia":[{"embeddable":true,"href":"https:\/\/higueronsouth.com\/de\/wp-json\/wp\/v2\/media\/4174"}],"wp:attachment":[{"href":"https:\/\/higueronsouth.com\/de\/wp-json\/wp\/v2\/media?parent=95"}],"curies":[{"name":"wp","href":"https:\/\/api.w.org\/{rel}","templated":true}]}}