{"id":95,"date":"2022-01-27T10:58:29","date_gmt":"2022-01-27T10:58:29","guid":{"rendered":"http:\/\/cognito.mprinsdesign.nl\/?page_id=95"},"modified":"2024-02-01T12:07:57","modified_gmt":"2024-02-01T12:07:57","slug":"komplex","status":"publish","type":"page","link":"https:\/\/higueronsouth.com\/cs\/komplex\/","title":{"rendered":"Higueron South"},"content":{"rendered":"<section class=\"wpb-content-wrapper\"><div  class=\"content_row row page-content vc_row wpb_row  default-style fullwidth\" >\n\t\n\t<div class=\"content_row_wrapper  default\" >\n\t<div id=\"asdasd\" class=\"vc_col-sm-12 wpb_column vc_column_container\" >\n\t<div class=\"vc_column-inner\">\n\t\t<div class=\"wpb_wrapper\" >\n\t\t\t<div class=\"rt_heading_wrapper no-style\">\n\t\t\t\t\t\t<h1 class=\"rt_heading  no-style\"  style=\"font-size:24px;margin-top:24px;margin-bottom:0px;\">Higueron South - <span class=\"after_h1\">vrchol luxusu a architektury<\/span><\/h1> \n\t\t\t\t\t<\/div><div class=\"vc_empty_space\"   style=\"height: 32px\"><span class=\"vc_empty_space_inner\"><\/span><\/div><div class=\"vc_separator wpb_content_element vc_separator_align_center vc_sep_width_100 vc_sep_style-4 vc_sep_pos_align_center vc_separator_no_text vc_sep_color_grey\" ><span class=\"vc_sep_holder vc_sep_holder_l\"><span class=\"vc_sep_line\"><\/span><\/span><span class=\"vc_sep_holder vc_sep_holder_r\"><span class=\"vc_sep_line\"><\/span><\/span>\n<\/div><div class=\"vc_empty_space\"   style=\"height: 32px\"><span class=\"vc_empty_space_inner\"><\/span><\/div>\n\t<div class=\"wpb_text_column wpb_content_element\" >\n\t\t<div class=\"wpb_wrapper\">\n\t\t\t<div class=\"\">\n<p><span style=\"font-weight: 400;\">Kupujete nov\u00fd byt na ide\u00e1ln\u00edm m\u00edst\u011b ve Fuengirole? Projekt nov\u00e9 v\u00fdstavby <em><strong>Higueron South<\/strong><\/em> na \u00fabo\u010d\u00ed hory Fuengirola nab\u00edz\u00ed mnoho mo\u017enost\u00ed. Modern\u00ed apartm\u00e1ny a penthousy uprost\u0159ed kr\u00e1sn\u00fdch upraven\u00fdch zahrad. Ale je toho v\u00edc, mnohem v\u00edc. Bezprost\u0159edn\u00ed okol\u00ed projektu nab\u00edz\u00ed opravdu v\u0161e: od wellness, spa, posilovny, padel tenisu, vlastn\u00ed restaurace a kav\u00e1rny, concierge, hl\u00edd\u00e1n\u00ed d\u011bt\u00ed, p\u016fj\u010dovnu elektrokol a ano, dokonce i hl\u00edd\u00e1n\u00ed ps\u016f!\u00a0<\/span><\/p>\n<p><span style=\"font-weight: 400;\">Je m\u00e1lo projekt\u016f, kde jsou v\u0161echny tyto slu\u017eby nab\u00edzeny. Higueron South nen\u00ed jen bydlen\u00ed, ale kompletn\u00ed koncept \u017eivotn\u00edho stylu.<\/span><\/p>\n<p><span style=\"font-weight: 400;\">Krom\u011b toho Higueron South nab\u00edz\u00ed v\u00fdb\u011br z mnoha apartm\u00e1n\u016f a st\u0159e\u0161n\u00edch byt\u016f postaven\u00fdch podle nejvy\u0161\u0161\u00edch standard\u016f, kter\u00e9 jsou ide\u00e1ln\u00ed jako rekrea\u010dn\u00ed d\u016fm nebo trval\u00e9 bydli\u0161t\u011b se spoustou zelen\u00fdch venkovn\u00edch ploch a luxusn\u00edm baz\u00e9nem. Apartm\u00e1ny jsou vybaveny otev\u0159enou kuchyn\u00ed, integrovanou v ob\u00fdvac\u00edm pokoji a propojenou s prostorn\u00fdmi terasami s kr\u00e1sn\u00fdm v\u00fdhledem na upraven\u00e9 zahrady, mo\u0159e a hory. Pracujeme s povrchovou \u00fapravou nejvy\u0161\u0161\u00ed kvality a tyto energeticky \u00fasporn\u00e9 domy jsou modern\u00ed a elegantn\u00ed d\u00edky sv\u00e9mu designu a hojn\u011b vyu\u017e\u00edvaj\u00ed p\u0159irozen\u00e9ho sv\u011btla. V\u0161echny nemovitosti v Higueron maj\u00ed velk\u00e9 terasy s otev\u0159en\u00fdm v\u00fdhledem a st\u0159e\u0161n\u00ed byty se sol\u00e1rii s v\u00fdhledem do zahrad, hor a mo\u0159e. V\u0161echny domy Higueron South maj\u00ed gar\u00e1\u017e a sklad.<\/span><\/p>\n<p><span style=\"font-weight: 400;\">Tento exkluzivn\u00ed projekt se skl\u00e1d\u00e1 z 5 f\u00e1z\u00ed, kter\u00e9 jsou prostorn\u00e9 s mnoha zelen\u00fdmi plochami. Ka\u017ed\u00e1 f\u00e1ze m\u00e1 sv\u016fj vlastn\u00ed co-workingov\u00fd prostor, baz\u00e9n se slanou vodou a posilovnu.\u00a0<\/span><\/p>\n<h2>Zv\u00fdrazn\u011bte Higueron South<\/h2>\n<ul>\n<li><span style=\"font-weight: 400;\">V\u00fdb\u011br z 2 a 3 lo\u017enicov\u00fdch apartm\u00e1n\u016f a penthous\u016f<\/span><\/li>\n<li><span style=\"font-weight: 400;\">300 000 m2 ter\u00e9n z toho +50 000 m2 zahrada<\/span><\/li>\n<li><span style=\"font-weight: 400;\">Otev\u0159en\u00fd pl\u00e1n kuchyn\u011b a ob\u00fdvac\u00edho prostoru<\/span><\/li>\n<li><span style=\"font-weight: 400;\">Panoramatick\u00fd v\u00fdhled na mo\u0159e a hory<\/span><\/li>\n<li><span style=\"font-weight: 400;\">Prostorn\u00e9 terasy se sklen\u011bnou balustr\u00e1dou<\/span><\/li>\n<li><span style=\"font-weight: 400;\">P\u011bkn\u00e9 zakon\u010den\u00ed<\/span><\/li>\n<li><span style=\"font-weight: 400;\">Vysok\u00e1 okna pro hodn\u011b sv\u011btla<\/span><\/li>\n<li><span style=\"font-weight: 400;\">Spole\u010dn\u00e9 zahrady<\/span><\/li>\n<li><span style=\"font-weight: 400;\">Velk\u00fd baz\u00e9n<\/span><\/li>\n<li><span style=\"font-weight: 400;\">V doch\u00e1zkov\u00e9 vzd\u00e1lenosti od klubovny<\/span><\/li>\n<li><span style=\"font-weight: 400;\">Slu\u017eby concierge, 9 restaurac\u00ed v m\u00edst\u011b, l\u00e1zn\u011b, sportovn\u00ed klub<\/span><\/li>\n<li><span style=\"font-weight: 400;\">Poloha 20 minut od leti\u0161t\u011b M\u00e1laga<\/span><\/li>\n<\/ul>\n<p>&nbsp;<\/p>\n<\/div>\n<div id=\"360tour\"><\/div>\n<p>&nbsp;<\/p>\n<p>&nbsp;<\/p>\n<h2>360\u00b0 \u2013 Virtu\u00e1ln\u00ed prohl\u00eddka Higuer\u00f3n South<\/h2>\n<ul>\n<li><a href=\"https:\/\/ajdestudio.com\/virtualtour\/southpenthouse\/\" target=\"_blank\" rel=\"noopener\"><strong>Virtu\u00e1ln\u00ed prohl\u00eddka SKY PENTHOUSES &gt;&gt;&gt;\u00a0<\/strong><\/a><\/li>\n<li><a href=\"https:\/\/ajdestudio.com\/virtualtour\/southskyvilla\/\" target=\"_blank\" rel=\"noopener\"><strong>NEBE VILY &gt;&gt;&gt;<\/strong><\/a><\/li>\n<\/ul>\n<h2><\/h2>\n<p>&nbsp;<\/p>\n<div class=\"\">\n<h2>Ceny Higueron South<\/h2>\n<ul>\n<li style=\"font-weight: 400;\" aria-level=\"1\"><span style=\"font-weight: 400;\">The <\/span><b>2 lo\u017enice<\/b><span style=\"font-weight: 400;\">, 2 byty jsou zastav\u011bn\u00e9 85 m2 plus terasa 44 m2. Ceny od <\/span><b>VYPROD\u00c1NO<\/b><\/li>\n<li style=\"font-weight: 400;\" aria-level=\"1\"><span style=\"font-weight: 400;\">The<\/span><b> 3 lo\u017enice<\/b><span style=\"font-weight: 400;\">, 2 byty jsou zastav\u011bn\u00e9 116 m2 plus terasa 30 m2. Ceny od <\/span><b>VYPROD\u00c1NO<\/b><\/li>\n<li style=\"font-weight: 400;\" aria-level=\"1\">The <strong>3 lo\u017enice<\/strong>, 2 koupelny <b>penthouses<\/b> jsou zastav\u011bn\u00e9 130 m2 plus terasa 50 m2. Ceny od <b>\u20ac 1.290.000<\/b><\/li>\n<\/ul>\n<p><span style=\"font-weight: 400;\">Tento exkluzivn\u00ed projekt se skl\u00e1d\u00e1 z 5 f\u00e1z\u00ed, kter\u00e9 jsou prostorn\u00e9 s mnoha zelen\u00fdmi plochami. Ka\u017ed\u00e1 f\u00e1ze m\u00e1 sv\u016fj vlastn\u00ed co-workingov\u00fd prostor, baz\u00e9n se slanou vodou a posilovnu.\u00a0<\/span><\/p>\n<p><span style=\"font-weight: 400;\">Za rezervaci zaplat\u00edte 10 000 eur a p\u0159edsmlouva 25% je podeps\u00e1na a\u017e po z\u00edsk\u00e1n\u00ed stavebn\u00edho povolen\u00ed a bankovn\u00ed z\u00e1ruky.\u00a0<\/span><\/p>\n<p><span style=\"font-weight: 400;\">Pak p\u0159i stavb\u011b cca 18 m\u011bs\u00edc\u016f dal\u0161\u00edch 15% a teprve na dob\u00edrku zbyl\u00e1 \u010d\u00e1stka 60% z kupn\u00ed ceny.<\/span><\/p>\n<p>M\u00e1te konkr\u00e9tn\u00ed dotaz nebo byste si cht\u011bli domluvit sch\u016fzku? Zavolejte Ronovi de Vriesovi na +34 677 67 04 80<\/p>\n<p><strong>Celkov\u00e1 nab\u00eddka Higueron<\/strong><\/p>\n<p>Cht\u011bli byste p\u0159ehled celkov\u00e9 nab\u00eddky Higuer\u00f3na? Pak nav\u0161tivte <a href=\"https:\/\/higueron-estates.com\/\"><strong>Webov\u00e9 str\u00e1nky Higueron Estates &gt;<\/strong><\/a><\/p>\n<h4>Specifikace<\/h4>\n<p>Z\u00c1KLADY A STRUKTURA<br \/>\n\u2013 Z\u00e1klady \u017eelezobetonov\u00fdch desek a \u017eelezobetonov\u00e9 konstrukce v pil\u00ed\u0159\u00edch a deskov\u00fdch desk\u00e1ch.<\/p>\n<p>ST\u0158ECHY<br \/>\n\u2013 Povrchy (st\u0159echy), po kter\u00fdch se nepoch\u00e1z\u00ed, se uprav\u00ed \u0161t\u011brkem a venkovn\u00ed prostory (nap\u0159. terasy) se uprav\u00ed porcel\u00e1nov\u00fdmi kameninov\u00fdmi dla\u017edicemi.<br \/>\n\u2013 Izolace a hydroizolace v souladu s p\u0159edpisy.<\/p>\n<p>ST\u011aNY<br \/>\n\u2013 Vn\u011bj\u0161\u00ed st\u011bny budou tvo\u0159eny dvoust\u011bnn\u00fdm zdivem s kvalitn\u00ed termoakustickou vnit\u0159n\u00ed izolac\u00ed a venkovn\u00edm obkladem z vodoodpudiv\u00e9 cementov\u00e9 malty se speci\u00e1ln\u00edm n\u00e1t\u011brem pro exteri\u00e9r a barvou dle projektu.<\/p>\n<p>CESTY<br \/>\n\u2013 Dvojit\u00e1 dut\u00e1 keramick\u00e1 cihla s cementovou maltou.<br \/>\n\u2013 Povrchov\u00e1 \u00faprava om\u00edtkou a matnou b\u00edlou barvou.<\/p>\n<p>DOKON\u010cIT PO M\u00cdSTNOSTI<br \/>\nLo\u017enice:<br \/>\n\u2013 Podlahy z porcel\u00e1nov\u00e9 kameniny a soklov\u00e9 li\u0161ty ze stejn\u00e9ho materi\u00e1lu.<br \/>\n\u2013 St\u011bny a stropy zdoben\u00e9 a om\u00edtnut\u00e9 matnou b\u00edlou latexovou barvou.<br \/>\nKoupelny:<br \/>\n\u2013 Podlahy s porcel\u00e1nov\u00fdmi kameninov\u00fdmi dla\u017edicemi<br \/>\n\u2013 St\u011bny oblo\u017een\u00e9 dla\u017edicemi z porcel\u00e1nov\u00e9 kameniny<br \/>\n\u2013 Stropy s hladkou om\u00edtkou.<br \/>\n\u2013 Soci\u00e1ln\u00ed za\u0159\u00edzen\u00ed Roca nebo ekvivalentn\u00ed za\u0159\u00edzen\u00ed, v\u010detn\u011b z\u00e1v\u011bsn\u00fdch toalet.<br \/>\n\u2013 Prysky\u0159i\u010dn\u00e1 sprchov\u00e1 vani\u010dka.<br \/>\n\u2013 Chromovan\u00e9 kohoutky.<br \/>\nObytn\u00e9 prostory:<br \/>\n\u2013 Podlahy z porcel\u00e1nov\u00fdch kameninov\u00fdch dla\u017edic a porcel\u00e1nov\u00fdch kameninov\u00fdch soklov\u00fdch li\u0161t<br \/>\n\u2013 St\u011bny a stropy s oblo\u017een\u00edm a om\u00edtkou matnou b\u00edlou latexovou barvou<br \/>\nTerasy:<br \/>\n\u2013 Podlahy s porcel\u00e1nov\u00fdmi dla\u017edicemi a soklov\u00fdmi li\u0161tami z porcel\u00e1nov\u00e9 kameniny<\/p>\n<p>OBLO\u017dEN\u00cd<br \/>\n\u2013 venkovn\u00ed tesa\u0159sk\u00e9 pr\u00e1ce budou tvo\u0159eny hlin\u00edkov\u00fdmi profily s p\u0159eru\u0161en\u00edm tepeln\u00e9ho mostu vrstven\u00fdm bezpe\u010dnostn\u00edm sklem a n\u00edzkou tepelnou emisivitou.<br \/>\n\u2013 vnit\u0159n\u00ed truhl\u00e1\u0159stv\u00ed je vyrobeno z b\u00edl\u00e9ho lakovan\u00e9ho d\u0159eva a p\u0159\u00edstupov\u00e9 dve\u0159e jsou zaji\u0161t\u011bny.<br \/>\n\u2013 sk\u0159\u00edn\u011b jsou vyrobeny s posuvn\u00fdmi dve\u0159mi ze d\u0159eva s madlem typu u\u00f1ero a interi\u00e9ry jsou zakon\u010deny textili\u00ed cancun.<\/p>\n<p>INSTALACE STUDEN\u00c9 A TEPL\u00c9 VODY<br \/>\n\u2013 Instalace tepl\u00e9 a studen\u00e9 vody v souladu s platn\u00fdmi p\u0159edpisy, s potrub\u00edm nejvy\u0161\u0161\u00ed kvality s \u010d\u00e1ste\u010dn\u00fdmi uzav\u00edrac\u00edmi ventily v ka\u017ed\u00e9 mokr\u00e9 m\u00edstnosti a individualizovan\u00fdmi pro ka\u017ed\u00fd spot\u0159ebi\u010d.<br \/>\n\u2013 aeroterm\u00e1ln\u00ed syst\u00e9m pro p\u0159\u00edpravu tepl\u00e9 vody.<\/p>\n<p>INSTALACE ELEKTRICK\u00c9 ENERGIE A OSV\u011aTLEN\u00cd.<br \/>\n\u2013 Kvalitn\u00ed elektrifikace a osv\u011btlen\u00ed je instalov\u00e1no s vestavbou.<br \/>\n\u2013 LED osv\u011btlen\u00ed v koupeln\u00e1ch, chodb\u00e1ch a kuchyni.<br \/>\n\u2013 Mechanismy Schneider (nebo podobn\u00e9)<\/p>\n<p>KLIMATIZACE<br \/>\n- vysoce kvalitn\u00ed klimatiza\u010dn\u00ed syst\u00e9m<\/p>\n<p>INSTALACE TELEKOMUNIKACE.<br \/>\n\u2013 telekomunika\u010dn\u00ed instalace dle platn\u00fdch p\u0159edpis\u016f v\u010detn\u011b barevn\u00e9ho vr\u00e1tn\u00e9ho a TV a internetov\u00e9 p\u0159\u00edpojky v ob\u00fdvac\u00edm pokoji a lo\u017enici.<\/p>\n<p>&nbsp;<\/p>\n<\/div>\n\n\t\t<\/div>\n\t<\/div>\n\n\t\t<\/div>\n\t<\/div>\n\t<\/div>\n\n<\/div>\n<\/div>\n\n<div  class=\"content_row row page-content vc_row wpb_row  default-style fullwidth\" style=\"background-color: #bbac8c;\">\n\t\n\t<div class=\"content_row_wrapper  default\" >\n\t<div id=\"asdasd\" class=\"vc_col-sm-12 wpb_column vc_column_container\" >\n\t<div class=\"vc_column-inner\">\n\t\t<div class=\"wpb_wrapper\" >\n\t\t\t<div class=\"rt_heading_wrapper no-style\">\n\t\t\t\t\t\t<h1 class=\"rt_heading  no-style\"  style=\"font-size:24px;margin-top:24px;margin-bottom:0px;\">Funkce - <span class=\"after_h1 white\">Vily Campanario<\/span><\/h1> \n\t\t\t\t\t<\/div><div class=\"vc_empty_space\"   style=\"height: 32px\"><span class=\"vc_empty_space_inner\"><\/span><\/div><div class=\"vc_separator wpb_content_element vc_separator_align_center vc_sep_width_100 vc_sep_style-4 vc_sep_pos_align_center vc_separator_no_text vc_sep_color_grey\" ><span class=\"vc_sep_holder vc_sep_holder_l\"><span class=\"vc_sep_line\"><\/span><\/span><span class=\"vc_sep_holder vc_sep_holder_r\"><span class=\"vc_sep_line\"><\/span><\/span>\n<\/div>\n\t<div class=\"wpb_text_column wpb_content_element\" >\n\t\t<div class=\"wpb_wrapper\">\n\t\t\t\t \n\t\t<div  class=\"bullet-list style-1  check\">\n\t\t<ul>\n<li>nejlep\u0161\u00ed v luxusu a architektu\u0159e<\/li>\n<li>v\u00fdhled na mo\u0159e a doch\u00e1zkov\u00e1 vzd\u00e1lenost na pl\u00e1\u017e<\/li>\n<li>dokon\u010dit podle chuti<\/li>\n<li>bezkonkuren\u010dn\u00ed vybaven\u00ed<\/li>\n<li>u ka\u017ed\u00e9ho domu 2 parkovac\u00ed m\u00edsta<\/li>\n<li>ceny od 455 000 \u20ac<\/li>\n<\/ul>\n\n\t\t<\/div>\n\t\n\n\t\t<\/div>\n\t<\/div>\n\n\t\t<\/div>\n\t<\/div>\n\t<\/div>\n\n<\/div>\n<\/div>\n\n<div  class=\"content_row row quote-row vc_row wpb_row  default-style fullwidth\" style=\"background-color: #fcfcfc;\">\n\t\n\t<div class=\"content_row_wrapper  fullwidth\" >\n\t<div id=\"asdasd\" class=\"vc_col-sm-12 wpb_column vc_column_container vc_custom_1644925648982\" >\n\t<div class=\"vc_column-inner\">\n\t\t<div class=\"wpb_wrapper\" >\n\t\t\t<div class=\"rt_heading_wrapper style-3\">\n\t\t\t\t\t\t<h4 class=\"rt_heading serif quote-max-width style-3\" >Informa\u010dn\u00ed bal\u00ed\u010dek Med Hills <a href=\"https:\/\/new.minisites.casadelmar.nl\/meer-informatie\/\"> Vy\u017e\u00e1dejte si bro\u017euru a nejnov\u011bj\u0161\u00ed cen\u00edk <\/a><\/h4> \n\t\t\t\t\t<\/div>\n\t\t<\/div>\n\t<\/div>\n\t<\/div>\n\n<\/div>\n<\/div>\n\n<div  class=\"content_row row vc_row wpb_row  default-style fullwidth\" >\n\t\n\t<div class=\"content_row_wrapper  default\" >\n\t<div id=\"asdasd\" class=\"vc_col-sm-12 wpb_column vc_column_container\" >\n\t<div class=\"vc_column-inner\">\n\t\t<div class=\"wpb_wrapper\" >\n\t\t\t<div class=\"button_wrapper aligncenter\"><a  href=\"\/cs\/vice-informaci\/\" target=\"_self\" title=\"&gt; v\u00edce informac\u00ed\" class=\"button_  style-2 small\">&gt; v\u00edce informac\u00ed<\/a><\/div>\n\t<div class=\"wpb_video_widget wpb_content_element vc_clearfix   vc_video-aspect-ratio-235 vc_video-el-width-100 vc_video-align-center\" >\n\t\t<div class=\"wpb_wrapper\">\n\t\t\t\n\t\t\t<div class=\"wpb_video_wrapper\"><div class=\"video-container\"><iframe title=\"Campanario Villas - Estepona \/ Marbella - od 990 000 EUR\" width=\"1060\" height=\"596\" src=\"https:\/\/www.youtube.com\/embed\/dtm6JU8cliQ?feature=oembed\" frameborder=\"0\" allow=\"accelerometer; autoplay; clipboard-write; encrypted-media; gyroscope; picture-in-picture; web-share\" referrerpolicy=\"strict-origin-when-cross-origin\" allowfullscreen><\/iframe><\/div><\/div>\n\t\t<\/div>\n\t<\/div>\n\n\t\t<\/div>\n\t<\/div>\n\t<\/div>\n\n<\/div>\n<\/div>\n<\/section>","protected":false},"excerpt":{"rendered":"<p>\u2026 <a class=\"more-link\" href=\"https:\/\/higueronsouth.com\/cs\/komplex\/\">pokra\u010dovat ve \u010dten\u00ed<\/a><\/p>","protected":false},"author":1,"featured_media":4174,"parent":0,"menu_order":3,"comment_status":"closed","ping_status":"closed","template":"","meta":{"footnotes":""},"class_list":["post-95","page","type-page","status-publish","has-post-thumbnail","hentry"],"yoast_head":"<!-- This site is optimized with the Yoast SEO plugin v26.0 - https:\/\/yoast.com\/wordpress\/plugins\/seo\/ -->\n<title>Higuer\u00f3n South - Higuer\u00f3n South<\/title>\n<meta name=\"robots\" content=\"index, follow, max-snippet:-1, max-image-preview:large, max-video-preview:-1\" \/>\n<link rel=\"canonical\" href=\"https:\/\/higueronsouth.com\/cs\/komplex\/\" \/>\n<meta property=\"og:locale\" content=\"cs_CZ\" \/>\n<meta property=\"og:type\" content=\"article\" \/>\n<meta property=\"og:title\" content=\"Higuer\u00f3n South - Higuer\u00f3n South\" \/>\n<meta property=\"og:url\" content=\"https:\/\/higueronsouth.com\/cs\/komplex\/\" \/>\n<meta property=\"og:site_name\" content=\"Higuer\u00f3n South\" \/>\n<meta property=\"article:modified_time\" content=\"2024-02-01T12:07:57+00:00\" \/>\n<meta property=\"og:image\" content=\"https:\/\/higueronsouth.com\/wp-content\/uploads\/sites\/14\/2022\/10\/Higueron-South_front.jpg\" \/>\n\t<meta property=\"og:image:width\" content=\"1379\" \/>\n\t<meta property=\"og:image:height\" content=\"597\" \/>\n\t<meta property=\"og:image:type\" content=\"image\/jpeg\" \/>\n<meta name=\"twitter:card\" content=\"summary_large_image\" \/>\n<meta name=\"twitter:label1\" content=\"Odhadovan\u00e1 doba \u010dten\u00ed\" \/>\n\t<meta name=\"twitter:data1\" content=\"6 minut\" \/>\n<script type=\"application\/ld+json\" class=\"yoast-schema-graph\">{\"@context\":\"https:\/\/schema.org\",\"@graph\":[{\"@type\":\"WebPage\",\"@id\":\"https:\/\/higueronsouth.com\/het-complex\/\",\"url\":\"https:\/\/higueronsouth.com\/het-complex\/\",\"name\":\"Higuer\u00f3n South - Higuer\u00f3n South\",\"isPartOf\":{\"@id\":\"https:\/\/higueronsouth.com\/#website\"},\"primaryImageOfPage\":{\"@id\":\"https:\/\/higueronsouth.com\/het-complex\/#primaryimage\"},\"image\":{\"@id\":\"https:\/\/higueronsouth.com\/het-complex\/#primaryimage\"},\"thumbnailUrl\":\"https:\/\/higueronsouth.com\/wp-content\/uploads\/sites\/14\/2022\/10\/Higueron-South_front.jpg\",\"datePublished\":\"2022-01-27T10:58:29+00:00\",\"dateModified\":\"2024-02-01T12:07:57+00:00\",\"breadcrumb\":{\"@id\":\"https:\/\/higueronsouth.com\/het-complex\/#breadcrumb\"},\"inLanguage\":\"cs\",\"potentialAction\":[{\"@type\":\"ReadAction\",\"target\":[\"https:\/\/higueronsouth.com\/het-complex\/\"]}]},{\"@type\":\"ImageObject\",\"inLanguage\":\"cs\",\"@id\":\"https:\/\/higueronsouth.com\/het-complex\/#primaryimage\",\"url\":\"https:\/\/higueronsouth.com\/wp-content\/uploads\/sites\/14\/2022\/10\/Higueron-South_front.jpg\",\"contentUrl\":\"https:\/\/higueronsouth.com\/wp-content\/uploads\/sites\/14\/2022\/10\/Higueron-South_front.jpg\",\"width\":1379,\"height\":597},{\"@type\":\"BreadcrumbList\",\"@id\":\"https:\/\/higueronsouth.com\/het-complex\/#breadcrumb\",\"itemListElement\":[{\"@type\":\"ListItem\",\"position\":1,\"name\":\"Home\",\"item\":\"https:\/\/higueronsouth.com\/\"},{\"@type\":\"ListItem\",\"position\":2,\"name\":\"Higuer\u00f3n South\"}]},{\"@type\":\"WebSite\",\"@id\":\"https:\/\/higueronsouth.com\/#website\",\"url\":\"https:\/\/higueronsouth.com\/\",\"name\":\"Higuer\u00f3n South\",\"description\":\"\",\"potentialAction\":[{\"@type\":\"SearchAction\",\"target\":{\"@type\":\"EntryPoint\",\"urlTemplate\":\"https:\/\/higueronsouth.com\/?s={search_term_string}\"},\"query-input\":{\"@type\":\"PropertyValueSpecification\",\"valueRequired\":true,\"valueName\":\"search_term_string\"}}],\"inLanguage\":\"cs\"}]}<\/script>\n<!-- \/ Yoast SEO plugin. -->","yoast_head_json":{"title":"Higueron South - Higueron South","robots":{"index":"index","follow":"follow","max-snippet":"max-snippet:-1","max-image-preview":"max-image-preview:large","max-video-preview":"max-video-preview:-1"},"canonical":"https:\/\/higueronsouth.com\/cs\/komplex\/","og_locale":"cs_CZ","og_type":"article","og_title":"Higuer\u00f3n South - Higuer\u00f3n South","og_url":"https:\/\/higueronsouth.com\/cs\/komplex\/","og_site_name":"Higuer\u00f3n South","article_modified_time":"2024-02-01T12:07:57+00:00","og_image":[{"width":1379,"height":597,"url":"https:\/\/higueronsouth.com\/wp-content\/uploads\/sites\/14\/2022\/10\/Higueron-South_front.jpg","type":"image\/jpeg"}],"twitter_card":"summary_large_image","twitter_misc":{"Odhadovan\u00e1 doba \u010dten\u00ed":"6 minut"},"schema":{"@context":"https:\/\/schema.org","@graph":[{"@type":"WebPage","@id":"https:\/\/higueronsouth.com\/het-complex\/","url":"https:\/\/higueronsouth.com\/het-complex\/","name":"Higueron South - Higueron South","isPartOf":{"@id":"https:\/\/higueronsouth.com\/#website"},"primaryImageOfPage":{"@id":"https:\/\/higueronsouth.com\/het-complex\/#primaryimage"},"image":{"@id":"https:\/\/higueronsouth.com\/het-complex\/#primaryimage"},"thumbnailUrl":"https:\/\/higueronsouth.com\/wp-content\/uploads\/sites\/14\/2022\/10\/Higueron-South_front.jpg","datePublished":"2022-01-27T10:58:29+00:00","dateModified":"2024-02-01T12:07:57+00:00","breadcrumb":{"@id":"https:\/\/higueronsouth.com\/het-complex\/#breadcrumb"},"inLanguage":"cs","potentialAction":[{"@type":"ReadAction","target":["https:\/\/higueronsouth.com\/het-complex\/"]}]},{"@type":"ImageObject","inLanguage":"cs","@id":"https:\/\/higueronsouth.com\/het-complex\/#primaryimage","url":"https:\/\/higueronsouth.com\/wp-content\/uploads\/sites\/14\/2022\/10\/Higueron-South_front.jpg","contentUrl":"https:\/\/higueronsouth.com\/wp-content\/uploads\/sites\/14\/2022\/10\/Higueron-South_front.jpg","width":1379,"height":597},{"@type":"BreadcrumbList","@id":"https:\/\/higueronsouth.com\/het-complex\/#breadcrumb","itemListElement":[{"@type":"ListItem","position":1,"name":"Home","item":"https:\/\/higueronsouth.com\/"},{"@type":"ListItem","position":2,"name":"Higuer\u00f3n South"}]},{"@type":"WebSite","@id":"https:\/\/higueronsouth.com\/#website","url":"https:\/\/higueronsouth.com\/","name":"Higueron South","description":"","potentialAction":[{"@type":"SearchAction","target":{"@type":"EntryPoint","urlTemplate":"https:\/\/higueronsouth.com\/?s={search_term_string}"},"query-input":{"@type":"PropertyValueSpecification","valueRequired":true,"valueName":"search_term_string"}}],"inLanguage":"cs"}]}},"_links":{"self":[{"href":"https:\/\/higueronsouth.com\/cs\/wp-json\/wp\/v2\/pages\/95","targetHints":{"allow":["GET"]}}],"collection":[{"href":"https:\/\/higueronsouth.com\/cs\/wp-json\/wp\/v2\/pages"}],"about":[{"href":"https:\/\/higueronsouth.com\/cs\/wp-json\/wp\/v2\/types\/page"}],"author":[{"embeddable":true,"href":"https:\/\/higueronsouth.com\/cs\/wp-json\/wp\/v2\/users\/1"}],"replies":[{"embeddable":true,"href":"https:\/\/higueronsouth.com\/cs\/wp-json\/wp\/v2\/comments?post=95"}],"version-history":[{"count":52,"href":"https:\/\/higueronsouth.com\/cs\/wp-json\/wp\/v2\/pages\/95\/revisions"}],"predecessor-version":[{"id":4270,"href":"https:\/\/higueronsouth.com\/cs\/wp-json\/wp\/v2\/pages\/95\/revisions\/4270"}],"wp:featuredmedia":[{"embeddable":true,"href":"https:\/\/higueronsouth.com\/cs\/wp-json\/wp\/v2\/media\/4174"}],"wp:attachment":[{"href":"https:\/\/higueronsouth.com\/cs\/wp-json\/wp\/v2\/media?parent=95"}],"curies":[{"name":"wp","href":"https:\/\/api.w.org\/{rel}","templated":true}]}}