{"id":3121,"date":"2022-02-14T14:08:43","date_gmt":"2022-02-14T14:08:43","guid":{"rendered":"https:\/\/cognito.mprinsdesign.nl\/?page_id=3121"},"modified":"2022-12-21T20:15:08","modified_gmt":"2022-12-21T20:15:08","slug":"vice-informaci","status":"publish","type":"page","link":"https:\/\/higueronsouth.com\/cs\/vice-informaci\/","title":{"rendered":"V\u00edce informac\u00ed"},"content":{"rendered":"<section class=\"wpb-content-wrapper\">\n<div  class=\"content_row row page-content margin-between contact-form-row vc_row wpb_row  default-style fullwidth\" >\n\t\n\t<div class=\"content_row_wrapper  default\" style=\"padding-top:50px;padding-bottom:50px;\"><div id=\"asdasd\" class=\"vc_col-sm-6 wpb_column vc_column_container\" >\n\t<div class=\"vc_column-inner\">\n\t\t<div class=\"wpb_wrapper\" >\n\t\t\t\n<div  class=\"content_row row contact-informatie-row vc_row vc_inner vc_row-fluid global-style fullwidth\" style=\"background-color: #baad85;\">\n\t\n\t<div class=\"content_row_wrapper  default\" style=\"padding-top:10px;padding-bottom:20px;padding-left:20px;padding-right:20px;\">\n\t<div class=\"vc_col-sm-12 wpb_column vc_column_container\" >\n\t<div class=\"vc_column-inner\">\n\t\t<div class=\"wpb_wrapper\" >\n\t\t\t<div class=\"rt_heading_wrapper style-3\">\n\t\t\t\t\t\t<h1 class=\"rt_heading  style-3\"  style=\"font-size:24px;margin-top:24px;margin-bottom:0px;\">V\u00edce - <span class=\"after_h1 white\">Informace o Higueron South<\/span><\/h1> \n\t\t\t\t\t<\/div>\n\t<div class=\"wpb_text_column wpb_content_element  meer-info white\" >\n\t\t<div class=\"wpb_wrapper\">\n\t\t\t<p>Pro v\u00edce informac\u00ed o nejluxusn\u011bj\u0161\u00edm novostavb\u011b komplexu na pob\u0159e\u017e\u00ed Costa del Sol. Nev\u00e1hejte a vy\u017e\u00e1dejte si informa\u010dn\u00ed bal\u00ed\u010dek s aktu\u00e1ln\u00edm cen\u00edkem, p\u016fdorysy a bro\u017eurou s podrobn\u00fdmi informacemi,<\/p>\n<p>Pot\u00e9 v\u00e1s \u2013 v p\u0159\u00edpad\u011b z\u00e1jmu \u2013 zveme na osobn\u00ed videohovor, ve kter\u00e9m m\u016f\u017eete krom\u011b rozs\u00e1hl\u00e9 prezentace polo\u017eit v\u0161echny sv\u00e9 osobn\u00ed ot\u00e1zky. Dal\u0161\u00edm krokem je n\u00e1v\u0161t\u011bva webu. Z\u00edsk\u00e1te tak dobr\u00fd dojem, na z\u00e1klad\u011b kter\u00e9ho se m\u016f\u017eete rozhodnout.<\/p>\n\n\t\t<\/div>\n\t<\/div>\n\n\t\t<\/div>\n\t<\/div>\n\t<\/div>\n\n<\/div>\n<\/div>\n\n\t\t<\/div>\n\t<\/div>\n\t<\/div>\n\n\t<div id=\"asdasd\" class=\"vc_col-sm-6 wpb_column vc_column_container\" >\n\t<div class=\"vc_column-inner\">\n\t\t<div class=\"wpb_wrapper\" >\n\t\t\t\n<div  class=\"content_row row vc_row vc_inner vc_row-fluid global-style fullwidth\" >\n\t\n\t<div class=\"content_row_wrapper  default\" style=\"padding-top:10px;padding-bottom:20px;padding-left:20px;padding-right:20px;\">\n\t<div class=\"vc_col-sm-12 wpb_column vc_column_container\" >\n\t<div class=\"vc_column-inner\">\n\t\t<div class=\"wpb_wrapper\" >\n\t\t\t<div class=\"rt_heading_wrapper style-3\">\n\t\t\t\t\t\t<h1 class=\"rt_heading  style-3\"  style=\"font-size:24px;margin-top:24px;margin-bottom:0px;\">V\u00edce informac\u00ed - <span class=\"after_h1\">Higueron South<\/span><\/h1> \n\t\t\t\t\t<\/div>\n\t<div class=\"wpb_text_column wpb_content_element\" >\n\t\t<div class=\"wpb_wrapper\">\n\t\t\t<div class=\"contact-form\">\n    <form id=\"cc-contact-form\" method=\"POST\" action=\"\">\n                <div class=\"split-contact\">\n            <article class=\"contact-row\">\n                <label><strong> n\u00e1zev <\/strong>(povinn\u00fd)<\/label>\n                                <input type=\"text\" name=\"cc-name\" id=\"name\" value=\"\" required>\n            <\/article>\n            <article class=\"contact-row\">\n                <label><strong> E-mailem <\/strong>(povinn\u00fd)<\/label>\n                                <input type=\"text\" name=\"cc-email\" id=\"email\" value=\"\" required>\n            <\/article>\n        <\/div>\n        <article class=\"contact-row\">\n            <label><strong> Adresa <\/strong><\/label>\n            <input type=\"text\" name=\"cc-address\" id=\"address\" value=\"\" required>\n        <\/article>\n        <div class=\"split-contact\">\n            <article class=\"contact-row\">\n                <label><strong> rezidence <\/strong><\/label>\n                <input type=\"text\" name=\"cc-city\" id=\"city\" value=\"\" required>\n            <\/article>\n\n            <article class=\"contact-row\">\n                <label><strong> Zem\u011b <\/strong><\/label>\n                <input type=\"text\" name=\"cc-country\" id=\"country\" value=\"\" required>\n            <\/article>\n        <\/div>\n        <article class=\"contact-row\">\n            <label><strong> telefonn\u00ed \u010d\u00edslo <\/strong>(povinn\u00fd)<\/label>\n                        <input type=\"text\" name=\"cc-phone\" id=\"phone\" value=\"\" required>\n        <\/article>\n        <article class=\"contact-row\">\n            <label class=\"privacy-check\">\n                <input type=\"checkbox\" name=\"cc-video\" id=\"video\" value=\"on\" required>\n                R\u00e1d\/a bych si domluvil\/a sch\u016fzku na videohovor (prohl\u00eddku)\n            <\/label>\n        <\/article>\n        <article class=\"contact-row\">\n            <label><strong> Koment\u00e1\u0159e <\/strong><\/label>\n            <textarea \n                name=\"cc-comments\" \n                id=\"comments\" \n                required\n\t\t\t placeholder=\"Zde nap\u0159\u00edklad uve\u010fte, zda si p\u0159ejete dost\u00e1vat konkr\u00e9tn\u00ed informace. Jste tu v kr\u00e1tk\u00e9 dob\u011b? Dejte n\u00e1m pros\u00edm v\u011bd\u011bt o na\u0161em pl\u00e1nov\u00e1n\u00ed.\"\n\t\t                rows=\"6\"\n            ><\/textarea>\n        <\/article>\n        <article class=\"contact-row\">\n                        <label class=\"privacy-check\">\n                <input type=\"checkbox\" name=\"cc-privacy\" id=\"privacy\" required>\n                souhlas\u00edm s <a href=\"\/cs\/zasady-ochrany-osobnich-udaju\/\">Z\u00e1sady ochrany osobn\u00edch \u00fadaj\u016f<\/a>.\n            <\/label>\n        <\/article>\n        <article class=\"contact-row\">\n            <label type=\"hidden\" id=\"captcha-label\" style=\"display: none; color: red;\"><\/label>\n            <input id='recaptcha' class=\"g-recaptcha\" type=\"submit\" value=\"Poslat\" data-sitekey=\"6LeoCRIgAAAAAFGEHBimhbu4Ac0qLhPJSwqTq9Rq\" data-callback=\"ccSubmit\" data-action=\"submit\">\n        <\/article>\n    <input type=\"hidden\" name=\"trp-form-language\" value=\"cs\"\/><\/form>\n<\/div>\n<script>\n    function ccSubmit(token) {\n        document.getElementById(\"cc-contact-form\").submit();\n    }\n<\/script>\n\n\n\t\t<\/div>\n\t<\/div>\n\n\t\t<\/div>\n\t<\/div>\n\t<\/div>\n\n<\/div>\n<\/div>\n\n\t\t<\/div>\n\t<\/div>\n\t<\/div>\n<\/div>\n<\/div>\n\n<\/section>","protected":false},"excerpt":{"rendered":"<p>\u2026 <a class=\"more-link\" href=\"https:\/\/higueronsouth.com\/cs\/vice-informaci\/\">pokra\u010dovat ve \u010dten\u00ed<\/a><\/p>","protected":false},"author":1,"featured_media":4179,"parent":0,"menu_order":6,"comment_status":"closed","ping_status":"closed","template":"","meta":{"footnotes":""},"class_list":["post-3121","page","type-page","status-publish","has-post-thumbnail","hentry"],"yoast_head":"<!-- This site is optimized with the Yoast SEO plugin v26.0 - https:\/\/yoast.com\/wordpress\/plugins\/seo\/ -->\n<title>Meer informatie - Higuer\u00f3n South<\/title>\n<meta name=\"robots\" content=\"index, follow, max-snippet:-1, max-image-preview:large, max-video-preview:-1\" \/>\n<link rel=\"canonical\" href=\"https:\/\/higueronsouth.com\/cs\/vice-informaci\/\" \/>\n<meta property=\"og:locale\" content=\"cs_CZ\" \/>\n<meta property=\"og:type\" content=\"article\" \/>\n<meta property=\"og:title\" content=\"Meer informatie - Higuer\u00f3n South\" \/>\n<meta property=\"og:url\" content=\"https:\/\/higueronsouth.com\/cs\/vice-informaci\/\" \/>\n<meta property=\"og:site_name\" content=\"Higuer\u00f3n South\" \/>\n<meta property=\"article:modified_time\" content=\"2022-12-21T20:15:08+00:00\" \/>\n<meta property=\"og:image\" content=\"https:\/\/higueronsouth.com\/wp-content\/uploads\/sites\/14\/2022\/05\/Higueron-South_terrace_2.jpg\" \/>\n\t<meta property=\"og:image:width\" content=\"1500\" \/>\n\t<meta property=\"og:image:height\" content=\"842\" \/>\n\t<meta property=\"og:image:type\" content=\"image\/jpeg\" \/>\n<meta name=\"twitter:card\" content=\"summary_large_image\" \/>\n<meta name=\"twitter:label1\" content=\"Odhadovan\u00e1 doba \u010dten\u00ed\" \/>\n\t<meta name=\"twitter:data1\" content=\"2 minuty\" \/>\n<script type=\"application\/ld+json\" class=\"yoast-schema-graph\">{\"@context\":\"https:\/\/schema.org\",\"@graph\":[{\"@type\":\"WebPage\",\"@id\":\"https:\/\/higueronsouth.com\/meer-informatie\/\",\"url\":\"https:\/\/higueronsouth.com\/meer-informatie\/\",\"name\":\"Meer informatie - Higuer\u00f3n South\",\"isPartOf\":{\"@id\":\"https:\/\/higueronsouth.com\/#website\"},\"primaryImageOfPage\":{\"@id\":\"https:\/\/higueronsouth.com\/meer-informatie\/#primaryimage\"},\"image\":{\"@id\":\"https:\/\/higueronsouth.com\/meer-informatie\/#primaryimage\"},\"thumbnailUrl\":\"https:\/\/higueronsouth.com\/wp-content\/uploads\/sites\/14\/2022\/05\/Higueron-South_terrace_2.jpg\",\"datePublished\":\"2022-02-14T14:08:43+00:00\",\"dateModified\":\"2022-12-21T20:15:08+00:00\",\"breadcrumb\":{\"@id\":\"https:\/\/higueronsouth.com\/meer-informatie\/#breadcrumb\"},\"inLanguage\":\"cs\",\"potentialAction\":[{\"@type\":\"ReadAction\",\"target\":[\"https:\/\/higueronsouth.com\/meer-informatie\/\"]}]},{\"@type\":\"ImageObject\",\"inLanguage\":\"cs\",\"@id\":\"https:\/\/higueronsouth.com\/meer-informatie\/#primaryimage\",\"url\":\"https:\/\/higueronsouth.com\/wp-content\/uploads\/sites\/14\/2022\/05\/Higueron-South_terrace_2.jpg\",\"contentUrl\":\"https:\/\/higueronsouth.com\/wp-content\/uploads\/sites\/14\/2022\/05\/Higueron-South_terrace_2.jpg\",\"width\":1500,\"height\":842},{\"@type\":\"BreadcrumbList\",\"@id\":\"https:\/\/higueronsouth.com\/meer-informatie\/#breadcrumb\",\"itemListElement\":[{\"@type\":\"ListItem\",\"position\":1,\"name\":\"Home\",\"item\":\"https:\/\/higueronsouth.com\/\"},{\"@type\":\"ListItem\",\"position\":2,\"name\":\"Meer informatie\"}]},{\"@type\":\"WebSite\",\"@id\":\"https:\/\/higueronsouth.com\/#website\",\"url\":\"https:\/\/higueronsouth.com\/\",\"name\":\"Higuer\u00f3n South\",\"description\":\"\",\"potentialAction\":[{\"@type\":\"SearchAction\",\"target\":{\"@type\":\"EntryPoint\",\"urlTemplate\":\"https:\/\/higueronsouth.com\/?s={search_term_string}\"},\"query-input\":{\"@type\":\"PropertyValueSpecification\",\"valueRequired\":true,\"valueName\":\"search_term_string\"}}],\"inLanguage\":\"cs\"}]}<\/script>\n<!-- \/ Yoast SEO plugin. -->","yoast_head_json":{"title":"V\u00edce informac\u00ed - Higueron South","robots":{"index":"index","follow":"follow","max-snippet":"max-snippet:-1","max-image-preview":"max-image-preview:large","max-video-preview":"max-video-preview:-1"},"canonical":"https:\/\/higueronsouth.com\/cs\/vice-informaci\/","og_locale":"cs_CZ","og_type":"article","og_title":"Meer informatie - Higuer\u00f3n South","og_url":"https:\/\/higueronsouth.com\/cs\/vice-informaci\/","og_site_name":"Higuer\u00f3n South","article_modified_time":"2022-12-21T20:15:08+00:00","og_image":[{"width":1500,"height":842,"url":"https:\/\/higueronsouth.com\/wp-content\/uploads\/sites\/14\/2022\/05\/Higueron-South_terrace_2.jpg","type":"image\/jpeg"}],"twitter_card":"summary_large_image","twitter_misc":{"Odhadovan\u00e1 doba \u010dten\u00ed":"2 minuty"},"schema":{"@context":"https:\/\/schema.org","@graph":[{"@type":"WebPage","@id":"https:\/\/higueronsouth.com\/meer-informatie\/","url":"https:\/\/higueronsouth.com\/meer-informatie\/","name":"V\u00edce informac\u00ed - Higueron South","isPartOf":{"@id":"https:\/\/higueronsouth.com\/#website"},"primaryImageOfPage":{"@id":"https:\/\/higueronsouth.com\/meer-informatie\/#primaryimage"},"image":{"@id":"https:\/\/higueronsouth.com\/meer-informatie\/#primaryimage"},"thumbnailUrl":"https:\/\/higueronsouth.com\/wp-content\/uploads\/sites\/14\/2022\/05\/Higueron-South_terrace_2.jpg","datePublished":"2022-02-14T14:08:43+00:00","dateModified":"2022-12-21T20:15:08+00:00","breadcrumb":{"@id":"https:\/\/higueronsouth.com\/meer-informatie\/#breadcrumb"},"inLanguage":"cs","potentialAction":[{"@type":"ReadAction","target":["https:\/\/higueronsouth.com\/meer-informatie\/"]}]},{"@type":"ImageObject","inLanguage":"cs","@id":"https:\/\/higueronsouth.com\/meer-informatie\/#primaryimage","url":"https:\/\/higueronsouth.com\/wp-content\/uploads\/sites\/14\/2022\/05\/Higueron-South_terrace_2.jpg","contentUrl":"https:\/\/higueronsouth.com\/wp-content\/uploads\/sites\/14\/2022\/05\/Higueron-South_terrace_2.jpg","width":1500,"height":842},{"@type":"BreadcrumbList","@id":"https:\/\/higueronsouth.com\/meer-informatie\/#breadcrumb","itemListElement":[{"@type":"ListItem","position":1,"name":"Home","item":"https:\/\/higueronsouth.com\/"},{"@type":"ListItem","position":2,"name":"Meer informatie"}]},{"@type":"WebSite","@id":"https:\/\/higueronsouth.com\/#website","url":"https:\/\/higueronsouth.com\/","name":"Higueron South","description":"","potentialAction":[{"@type":"SearchAction","target":{"@type":"EntryPoint","urlTemplate":"https:\/\/higueronsouth.com\/?s={search_term_string}"},"query-input":{"@type":"PropertyValueSpecification","valueRequired":true,"valueName":"search_term_string"}}],"inLanguage":"cs"}]}},"_links":{"self":[{"href":"https:\/\/higueronsouth.com\/cs\/wp-json\/wp\/v2\/pages\/3121","targetHints":{"allow":["GET"]}}],"collection":[{"href":"https:\/\/higueronsouth.com\/cs\/wp-json\/wp\/v2\/pages"}],"about":[{"href":"https:\/\/higueronsouth.com\/cs\/wp-json\/wp\/v2\/types\/page"}],"author":[{"embeddable":true,"href":"https:\/\/higueronsouth.com\/cs\/wp-json\/wp\/v2\/users\/1"}],"replies":[{"embeddable":true,"href":"https:\/\/higueronsouth.com\/cs\/wp-json\/wp\/v2\/comments?post=3121"}],"version-history":[{"count":16,"href":"https:\/\/higueronsouth.com\/cs\/wp-json\/wp\/v2\/pages\/3121\/revisions"}],"predecessor-version":[{"id":4222,"href":"https:\/\/higueronsouth.com\/cs\/wp-json\/wp\/v2\/pages\/3121\/revisions\/4222"}],"wp:featuredmedia":[{"embeddable":true,"href":"https:\/\/higueronsouth.com\/cs\/wp-json\/wp\/v2\/media\/4179"}],"wp:attachment":[{"href":"https:\/\/higueronsouth.com\/cs\/wp-json\/wp\/v2\/media?parent=3121"}],"curies":[{"name":"wp","href":"https:\/\/api.w.org\/{rel}","templated":true}]}}